{"id":4005,"date":"2021-05-07T15:43:59","date_gmt":"2021-05-07T18:43:59","guid":{"rendered":"https:\/\/www.voicelink.com.br\/?page_id=4005"},"modified":"2022-04-22T13:01:50","modified_gmt":"2022-04-22T16:01:50","slug":"traducao-simultanea-no-zoom","status":"publish","type":"page","link":"https:\/\/voicelink.com.br\/es\/empresa\/especialidades\/traducao-simultanea-no-zoom\/","title":{"rendered":"Traducci\u00f3n simult\u00e1nea en Zoom"},"content":{"rendered":"<div data-elementor-type=\"wp-page\" data-elementor-id=\"4005\" class=\"elementor elementor-4005\" data-elementor-post-type=\"page\">\n\t\t\t\t\t\t<section class=\"elementor-section elementor-top-section elementor-element elementor-element-1d42795 elementor-section-full_width elementor-section-height-default elementor-section-height-default\" data-id=\"1d42795\" data-element_type=\"section\" data-e-type=\"section\" data-settings=\"{&quot;background_background&quot;:&quot;classic&quot;}\">\n\t\t\t\t\t\t<div class=\"elementor-container elementor-column-gap-default\">\n\t\t\t\t\t<div class=\"elementor-column elementor-col-100 elementor-top-column elementor-element elementor-element-b2626eb\" data-id=\"b2626eb\" data-element_type=\"column\" data-e-type=\"column\">\n\t\t\t<div class=\"elementor-widget-wrap elementor-element-populated\">\n\t\t\t\t\t\t<section class=\"elementor-section elementor-inner-section elementor-element elementor-element-84aec40 elementor-section-boxed elementor-section-height-default elementor-section-height-default\" data-id=\"84aec40\" data-element_type=\"section\" data-e-type=\"section\">\n\t\t\t\t\t\t<div class=\"elementor-container elementor-column-gap-wider\">\n\t\t\t\t\t<div class=\"elementor-column elementor-col-50 elementor-inner-column elementor-element elementor-element-89ad7c1\" data-id=\"89ad7c1\" data-element_type=\"column\" data-e-type=\"column\">\n\t\t\t<div class=\"elementor-widget-wrap elementor-element-populated\">\n\t\t\t\t\t\t<div class=\"elementor-element elementor-element-5bf7a9a elementor-widget elementor-widget-heading\" data-id=\"5bf7a9a\" data-element_type=\"widget\" data-e-type=\"widget\" data-widget_type=\"heading.default\">\n\t\t\t\t\t<h1 class=\"elementor-heading-title elementor-size-default\">Traducci\u00f3n simult\u00e1nea en Zoom<\/h1>\t\t\t\t<\/div>\n\t\t\t\t<div class=\"elementor-element elementor-element-0ef0258 elementor-widget elementor-widget-text-editor\" data-id=\"0ef0258\" data-element_type=\"widget\" data-e-type=\"widget\" data-widget_type=\"text-editor.default\">\n\t\t\t\t\t\t\t\t\t<p>Voicelink tiene una amplia experiencia en traducci\u00f3n simult\u00e1nea en Zoom, una tendencia que lleg\u00f3 para quedarse por su practicidad y ahorro de costos.<\/p><p><strong>\u00bfConoces la gran ventaja de Zoom, desde el punto de vista de la traducci\u00f3n simult\u00e1nea?<\/strong><\/p><p>En esta herramienta, la traducci\u00f3n simult\u00e1nea remota es una caracter\u00edstica nativa, lo que facilita la organizaci\u00f3n y gesti\u00f3n de los idiomas de los eventos. Los int\u00e9rpretes pueden cambiar entre los idiomas de un par de idiomas, as\u00ed como los oyentes pueden elegir qu\u00e9 idioma quieren escuchar, haciendo que la experiencia sea m\u00e1s rica y cercana a un entorno cara a cara.<\/p><p>En Zoom, puede proporcionar traducci\u00f3n simult\u00e1nea en varios idiomas, para varios pa\u00edses al mismo tiempo, dentro de una sola reuni\u00f3n o sala, incluso si hay m\u00e1s de 10,000 participantes.<\/p><p>La interacci\u00f3n se realiza por voz o mediante chat y preguntas y respuestas, y tambi\u00e9n es posible registrar los eventos, en la propia nube de la herramienta, que tambi\u00e9n ofrece informes sobre los participantes registrados y presentes.<\/p>\t\t\t\t\t\t\t\t<\/div>\n\t\t\t\t\t<\/div>\n\t\t<\/div>\n\t\t\t\t<div class=\"elementor-column elementor-col-50 elementor-inner-column elementor-element elementor-element-c1c6f6a\" data-id=\"c1c6f6a\" data-element_type=\"column\" data-e-type=\"column\">\n\t\t\t<div class=\"elementor-widget-wrap elementor-element-populated\">\n\t\t\t\t\t\t<div class=\"elementor-element elementor-element-6dd53a4 elementor-widget elementor-widget-image\" data-id=\"6dd53a4\" data-element_type=\"widget\" data-e-type=\"widget\" data-widget_type=\"image.default\">\n\t\t\t\t\t\t\t\t\t\t\t\t\t\t\t<img fetchpriority=\"high\" decoding=\"async\" width=\"1024\" height=\"1000\" src=\"https:\/\/voicelink.com.br\/wp-content\/uploads\/2021\/08\/pexels-cottonbro-5081971-1024x1000.jpg\" class=\"attachment-large size-large wp-image-6299\" alt=\"Traducci\u00f3n simult\u00e1nea en Zoom\" srcset=\"https:\/\/voicelink.com.br\/wp-content\/uploads\/2021\/08\/pexels-cottonbro-5081971-1024x1000.jpg 1024w, https:\/\/voicelink.com.br\/wp-content\/uploads\/2021\/08\/pexels-cottonbro-5081971-300x293.jpg 300w, https:\/\/voicelink.com.br\/wp-content\/uploads\/2021\/08\/pexels-cottonbro-5081971-768x750.jpg 768w, https:\/\/voicelink.com.br\/wp-content\/uploads\/2021\/08\/pexels-cottonbro-5081971-1536x1501.jpg 1536w, https:\/\/voicelink.com.br\/wp-content\/uploads\/2021\/08\/pexels-cottonbro-5081971.jpg 1600w\" sizes=\"(max-width: 1024px) 100vw, 1024px\" title=\"\">\t\t\t\t\t\t\t\t\t\t\t\t\t\t\t<\/div>\n\t\t\t\t\t<\/div>\n\t\t<\/div>\n\t\t\t\t\t<\/div>\n\t\t<\/section>\n\t\t\t\t<section class=\"elementor-section elementor-inner-section elementor-element elementor-element-d55e974 elementor-section-boxed elementor-section-height-default elementor-section-height-default\" data-id=\"d55e974\" data-element_type=\"section\" data-e-type=\"section\">\n\t\t\t\t\t\t<div class=\"elementor-container elementor-column-gap-wider\">\n\t\t\t\t\t<div class=\"elementor-column elementor-col-100 elementor-inner-column elementor-element elementor-element-1d12bc1\" data-id=\"1d12bc1\" data-element_type=\"column\" data-e-type=\"column\">\n\t\t\t<div class=\"elementor-widget-wrap elementor-element-populated\">\n\t\t\t\t\t\t<div class=\"elementor-element elementor-element-e0837fd elementor-widget elementor-widget-text-editor\" data-id=\"e0837fd\" data-element_type=\"widget\" data-e-type=\"widget\" data-widget_type=\"text-editor.default\">\n\t\t\t\t\t\t\t\t\t<p style=\"text-align: left;\"><strong>Cuente con Voicelink para apoyarlo en el nuevo mundo de la traducci\u00f3n simult\u00e1nea remota. Conocemos las particularidades de Zoom y otras plataformas, como Webex, Teams, GotoMeeting.<\/strong><\/p><p style=\"text-align: left;\"><strong>En la pandemia o despu\u00e9s de ella, los int\u00e9rpretes de Voicelink est\u00e1n a tu lado para satisfacer tus necesidades de traducci\u00f3n simult\u00e1nea, con la calidad y confiabilidad de siempre.<\/strong><\/p>\t\t\t\t\t\t\t\t<\/div>\n\t\t\t\t\t<\/div>\n\t\t<\/div>\n\t\t\t\t\t<\/div>\n\t\t<\/section>\n\t\t\t\t\t<\/div>\n\t\t<\/div>\n\t\t\t\t\t<\/div>\n\t\t<\/section>\n\t\t\t\t<\/div>","protected":false},"excerpt":{"rendered":"<p>Tradu\u00e7\u00e3o simult\u00e2nea no Zoom A Voicelink t\u00eam vasta experi\u00eancia em tradu\u00e7\u00e3o simult\u00e2nea no Zoom, tend\u00eancia que veio para ficar por sua praticidade e economia de custos. Voc\u00ea sabe qual a grande vantagem do Zoom, do ponto de vista da tradu\u00e7\u00e3o simult\u00e2nea? \u00c9 que nesta ferramenta a tradu\u00e7\u00e3o simult\u00e2nea remota \u00e9 um recurso nativo, o que [&hellip;]<\/p>\n","protected":false},"author":33,"featured_media":0,"parent":3998,"menu_order":2,"comment_status":"closed","ping_status":"closed","template":"","meta":{"site-sidebar-layout":"no-sidebar","site-content-layout":"page-builder","ast-site-content-layout":"default","site-content-style":"default","site-sidebar-style":"default","ast-global-header-display":"","ast-banner-title-visibility":"","ast-main-header-display":"","ast-hfb-above-header-display":"","ast-hfb-below-header-display":"","ast-hfb-mobile-header-display":"","site-post-title":"disabled","ast-breadcrumbs-content":"","ast-featured-img":"disabled","footer-sml-layout":"","ast-disable-related-posts":"","theme-transparent-header-meta":"default","adv-header-id-meta":"","stick-header-meta":"","header-above-stick-meta":"","header-main-stick-meta":"","header-below-stick-meta":"","astra-migrate-meta-layouts":"default","ast-page-background-enabled":"default","ast-page-background-meta":{"desktop":{"background-color":"","background-image":"","background-repeat":"repeat","background-position":"center center","background-size":"auto","background-attachment":"scroll","background-type":"","background-media":"","overlay-type":"","overlay-color":"","overlay-opacity":"","overlay-gradient":""},"tablet":{"background-color":"","background-image":"","background-repeat":"repeat","background-position":"center center","background-size":"auto","background-attachment":"scroll","background-type":"","background-media":"","overlay-type":"","overlay-color":"","overlay-opacity":"","overlay-gradient":""},"mobile":{"background-color":"","background-image":"","background-repeat":"repeat","background-position":"center center","background-size":"auto","background-attachment":"scroll","background-type":"","background-media":"","overlay-type":"","overlay-color":"","overlay-opacity":"","overlay-gradient":""}},"ast-content-background-meta":{"desktop":{"background-color":"var(--ast-global-color-5)","background-image":"","background-repeat":"repeat","background-position":"center center","background-size":"auto","background-attachment":"scroll","background-type":"","background-media":"","overlay-type":"","overlay-color":"","overlay-opacity":"","overlay-gradient":""},"tablet":{"background-color":"var(--ast-global-color-5)","background-image":"","background-repeat":"repeat","background-position":"center center","background-size":"auto","background-attachment":"scroll","background-type":"","background-media":"","overlay-type":"","overlay-color":"","overlay-opacity":"","overlay-gradient":""},"mobile":{"background-color":"var(--ast-global-color-5)","background-image":"","background-repeat":"repeat","background-position":"center center","background-size":"auto","background-attachment":"scroll","background-type":"","background-media":"","overlay-type":"","overlay-color":"","overlay-opacity":"","overlay-gradient":""}},"footnotes":""},"class_list":["post-4005","page","type-page","status-publish","hentry"],"_links":{"self":[{"href":"https:\/\/voicelink.com.br\/es\/wp-json\/wp\/v2\/pages\/4005","targetHints":{"allow":["GET"]}}],"collection":[{"href":"https:\/\/voicelink.com.br\/es\/wp-json\/wp\/v2\/pages"}],"about":[{"href":"https:\/\/voicelink.com.br\/es\/wp-json\/wp\/v2\/types\/page"}],"author":[{"embeddable":true,"href":"https:\/\/voicelink.com.br\/es\/wp-json\/wp\/v2\/users\/33"}],"replies":[{"embeddable":true,"href":"https:\/\/voicelink.com.br\/es\/wp-json\/wp\/v2\/comments?post=4005"}],"version-history":[{"count":0,"href":"https:\/\/voicelink.com.br\/es\/wp-json\/wp\/v2\/pages\/4005\/revisions"}],"up":[{"embeddable":true,"href":"https:\/\/voicelink.com.br\/es\/wp-json\/wp\/v2\/pages\/3998"}],"wp:attachment":[{"href":"https:\/\/voicelink.com.br\/es\/wp-json\/wp\/v2\/media?parent=4005"}],"curies":[{"name":"wp","href":"https:\/\/api.w.org\/{rel}","templated":true}]}}