{"id":3985,"date":"2021-05-07T15:20:01","date_gmt":"2021-05-07T18:20:01","guid":{"rendered":"https:\/\/www.voicelink.com.br\/?page_id=3985"},"modified":"2026-02-05T08:25:16","modified_gmt":"2026-02-05T11:25:16","slug":"orcamento","status":"publish","type":"page","link":"https:\/\/voicelink.com.br\/es\/orcamento\/","title":{"rendered":"Cotizaci\u00f3n"},"content":{"rendered":"<div data-elementor-type=\"wp-page\" data-elementor-id=\"3985\" class=\"elementor elementor-3985\" data-elementor-post-type=\"page\">\n\t\t\t\t\t\t<section class=\"elementor-section elementor-top-section elementor-element elementor-element-5659e16 elementor-section-full_width elementor-section-height-default elementor-section-height-default\" data-id=\"5659e16\" data-element_type=\"section\" data-e-type=\"section\" data-settings=\"{&quot;background_background&quot;:&quot;classic&quot;}\">\n\t\t\t\t\t\t<div class=\"elementor-container elementor-column-gap-wider\">\n\t\t\t\t\t<div class=\"elementor-column elementor-col-100 elementor-top-column elementor-element elementor-element-10f5bbc\" data-id=\"10f5bbc\" data-element_type=\"column\" data-e-type=\"column\">\n\t\t\t<div class=\"elementor-widget-wrap elementor-element-populated\">\n\t\t\t\t\t\t<section class=\"elementor-section elementor-inner-section elementor-element elementor-element-e3e54b7 elementor-section-boxed elementor-section-height-default elementor-section-height-default\" data-id=\"e3e54b7\" data-element_type=\"section\" data-e-type=\"section\">\n\t\t\t\t\t\t<div class=\"elementor-container elementor-column-gap-wider\">\n\t\t\t\t\t<div class=\"elementor-column elementor-col-50 elementor-inner-column elementor-element elementor-element-b3ee61b\" data-id=\"b3ee61b\" data-element_type=\"column\" data-e-type=\"column\">\n\t\t\t<div class=\"elementor-widget-wrap elementor-element-populated\">\n\t\t\t\t\t\t<div class=\"elementor-element elementor-element-c240489 elementor-widget elementor-widget-image\" data-id=\"c240489\" data-element_type=\"widget\" data-e-type=\"widget\" data-widget_type=\"image.default\">\n\t\t\t\t\t\t\t\t\t\t\t\t\t\t\t<img fetchpriority=\"high\" decoding=\"async\" width=\"1024\" height=\"683\" src=\"https:\/\/voicelink.com.br\/wp-content\/uploads\/2022\/03\/Cliente-Voicelink-1024x683.jpg\" class=\"attachment-large size-large wp-image-6555\" alt=\"Organizadora de eventos\" srcset=\"https:\/\/voicelink.com.br\/wp-content\/uploads\/2022\/03\/Cliente-Voicelink-1024x683.jpg.webp 1024w, https:\/\/voicelink.com.br\/wp-content\/uploads\/2022\/03\/Cliente-Voicelink-300x200.jpg.webp 300w, https:\/\/voicelink.com.br\/wp-content\/uploads\/2022\/03\/Cliente-Voicelink-768x512.jpg.webp 768w, https:\/\/voicelink.com.br\/wp-content\/uploads\/2022\/03\/Cliente-Voicelink.jpg.webp 1253w\" sizes=\"(max-width: 1024px) 100vw, 1024px\" title=\"\">\t\t\t\t\t\t\t\t\t\t\t\t\t\t\t<\/div>\n\t\t\t\t\t<\/div>\n\t\t<\/div>\n\t\t\t\t<div class=\"elementor-column elementor-col-50 elementor-inner-column elementor-element elementor-element-9a0b9d1\" data-id=\"9a0b9d1\" data-element_type=\"column\" data-e-type=\"column\">\n\t\t\t<div class=\"elementor-widget-wrap elementor-element-populated\">\n\t\t\t\t\t\t<div class=\"elementor-element elementor-element-2ad07fb elementor-widget elementor-widget-heading\" data-id=\"2ad07fb\" data-element_type=\"widget\" data-e-type=\"widget\" data-widget_type=\"heading.default\">\n\t\t\t\t\t<h1 class=\"elementor-heading-title elementor-size-default\">Presupuesto de traducci\u00f3n simult\u00e1nea a distancia<\/h1>\t\t\t\t<\/div>\n\t\t\t\t<div class=\"elementor-element elementor-element-e01c0b9 elementor-widget elementor-widget-spacer\" data-id=\"e01c0b9\" data-element_type=\"widget\" data-e-type=\"widget\" data-widget_type=\"spacer.default\">\n\t\t\t\t\t\t\t<div class=\"elementor-spacer\">\n\t\t\t<div class=\"elementor-spacer-inner\"><\/div>\n\t\t<\/div>\n\t\t\t\t\t\t<\/div>\n\t\t\t\t<div class=\"elementor-element elementor-element-4ac0722f elementor-widget elementor-widget-text-editor\" data-id=\"4ac0722f\" data-element_type=\"widget\" data-e-type=\"widget\" data-widget_type=\"text-editor.default\">\n\t\t\t\t\t\t\t\t\t<p>Para solicitar una cotizaci\u00f3n de <strong>traducci\u00f3n simult\u00e1nea remota<\/strong> para tu live, webinar, reuni\u00f3n o videoconferencia, ten a la mano la siguiente informaci\u00f3n:<\/p><ul><li>Nombre\/asunto del evento<\/li><li>Fechas \/ Duraci\u00f3n<\/li><li>Idiomas<\/li><li>N\u00famero de participantes remotos<\/li><li>Plataforma elegida (podemos recomendar)<\/li><li>Nombre completo del solicitante, n\u00fameros de tel\u00e9fono y empresa<\/li><\/ul>\t\t\t\t\t\t\t\t<\/div>\n\t\t\t\t<div class=\"elementor-element elementor-element-715e475 elementor-widget elementor-widget-heading\" data-id=\"715e475\" data-element_type=\"widget\" data-e-type=\"widget\" data-widget_type=\"heading.default\">\n\t\t\t\t\t<p class=\"elementor-heading-title elementor-size-default\"><a href=\"https:\/\/wa.me\/5511999820712\" target=\"_blank\" rel=\"noopener\"><span style=\"font-size: 16px;font-style: normal;font-weight: 500\">Envie o seu briefing para contato@voicelink.com.br ou fale com nossa equipe no WhatsApp no (11) 999 820 712.<\/span><span style=\"font-size: 16px;font-style: normal;font-weight: 500\"><\/span><\/a><\/p>\t\t\t\t<\/div>\n\t\t\t\t\t<\/div>\n\t\t<\/div>\n\t\t\t\t\t<\/div>\n\t\t<\/section>\n\t\t\t\t\t<\/div>\n\t\t<\/div>\n\t\t\t\t\t<\/div>\n\t\t<\/section>\n\t\t\t\t<section class=\"elementor-section elementor-top-section elementor-element elementor-element-eac8891 elementor-section-boxed elementor-section-height-default elementor-section-height-default\" data-id=\"eac8891\" data-element_type=\"section\" data-e-type=\"section\">\n\t\t\t\t\t\t<div class=\"elementor-container elementor-column-gap-wider\">\n\t\t\t\t\t<div class=\"elementor-column elementor-col-100 elementor-top-column elementor-element elementor-element-6d136fd\" data-id=\"6d136fd\" data-element_type=\"column\" data-e-type=\"column\">\n\t\t\t<div class=\"elementor-widget-wrap elementor-element-populated\">\n\t\t\t\t\t\t<section class=\"elementor-section elementor-inner-section elementor-element elementor-element-13d4536 elementor-section-boxed elementor-section-height-default elementor-section-height-default\" data-id=\"13d4536\" data-element_type=\"section\" data-e-type=\"section\">\n\t\t\t\t\t\t<div class=\"elementor-container elementor-column-gap-wider\">\n\t\t\t\t\t<div class=\"elementor-column elementor-col-50 elementor-inner-column elementor-element elementor-element-deab7c5\" data-id=\"deab7c5\" data-element_type=\"column\" data-e-type=\"column\">\n\t\t\t<div class=\"elementor-widget-wrap elementor-element-populated\">\n\t\t\t\t\t\t<div class=\"elementor-element elementor-element-81d8309 elementor-widget elementor-widget-heading\" data-id=\"81d8309\" data-element_type=\"widget\" data-e-type=\"widget\" data-widget_type=\"heading.default\">\n\t\t\t\t\t<h1 class=\"elementor-heading-title elementor-size-default\">Presupuesto para traducci\u00f3n consecutiva o traducci\u00f3n simult\u00e1nea presencial<\/h1>\t\t\t\t<\/div>\n\t\t\t\t<div class=\"elementor-element elementor-element-265a258 elementor-widget elementor-widget-spacer\" data-id=\"265a258\" data-element_type=\"widget\" data-e-type=\"widget\" data-widget_type=\"spacer.default\">\n\t\t\t\t\t\t\t<div class=\"elementor-spacer\">\n\t\t\t<div class=\"elementor-spacer-inner\"><\/div>\n\t\t<\/div>\n\t\t\t\t\t\t<\/div>\n\t\t\t\t<div class=\"elementor-element elementor-element-9a45bfe elementor-widget elementor-widget-text-editor\" data-id=\"9a45bfe\" data-element_type=\"widget\" data-e-type=\"widget\" data-widget_type=\"text-editor.default\">\n\t\t\t\t\t\t\t\t\t<p>Para recibir un presupuesto de traducci\u00f3n simult\u00e1nea o consecutiva para su evento presencial, ind\u00edquenos los siguientes datos:<\/p><ul><li>Hora de inicio, duraci\u00f3n de la pausa para el almuerzo y hora de finalizaci\u00f3n<\/li><li style=\"font-size: 16px;\">Idiomas<\/li><li>En el. de participantes<\/li><li>Ciudad\/Lugar<\/li><li>En el. de habitaciones<\/li><\/ul><p>Como opci\u00f3n, enviar la agenda preliminar del evento con horarios, salas y ubicaci\u00f3n.<\/p>\t\t\t\t\t\t\t\t<\/div>\n\t\t\t\t<div class=\"elementor-element elementor-element-fb75952 elementor-widget elementor-widget-heading\" data-id=\"fb75952\" data-element_type=\"widget\" data-e-type=\"widget\" data-widget_type=\"heading.default\">\n\t\t\t\t\t<p class=\"elementor-heading-title elementor-size-default\"><a href=\"https:\/\/wa.me\/5511999820712\" target=\"_blank\" rel=\"noopener\"><span style=\"font-size: 16px;font-style: normal;font-weight: 500\">Envie o seu briefing para contato@voicelink.com.br ou fale com nossa equipe no WhatsApp no (11) 999 820 712.<\/span><span style=\"font-size: 16px;font-style: normal;font-weight: 500\"><\/span><\/a><\/p>\t\t\t\t<\/div>\n\t\t\t\t\t<\/div>\n\t\t<\/div>\n\t\t\t\t<div class=\"elementor-column elementor-col-50 elementor-inner-column elementor-element elementor-element-bda7265\" data-id=\"bda7265\" data-element_type=\"column\" data-e-type=\"column\">\n\t\t\t<div class=\"elementor-widget-wrap elementor-element-populated\">\n\t\t\t\t\t\t<div class=\"elementor-element elementor-element-71a5953 elementor-widget elementor-widget-image\" data-id=\"71a5953\" data-element_type=\"widget\" data-e-type=\"widget\" data-widget_type=\"image.default\">\n\t\t\t\t\t\t\t\t\t\t\t\t\t\t\t<img decoding=\"async\" width=\"1024\" height=\"683\" src=\"https:\/\/voicelink.com.br\/wp-content\/uploads\/2022\/03\/Cliente-Voicelink-homem-1024x683.jpg\" class=\"attachment-large size-large wp-image-6556\" alt=\"Int\u00e9rpretes Voicelink\" srcset=\"https:\/\/voicelink.com.br\/wp-content\/uploads\/2022\/03\/Cliente-Voicelink-homem-1024x683.jpg.webp 1024w, https:\/\/voicelink.com.br\/wp-content\/uploads\/2022\/03\/Cliente-Voicelink-homem-300x200.jpg.webp 300w, https:\/\/voicelink.com.br\/wp-content\/uploads\/2022\/03\/Cliente-Voicelink-homem-768x512.jpg.webp 768w, https:\/\/voicelink.com.br\/wp-content\/uploads\/2022\/03\/Cliente-Voicelink-homem.jpg.webp 1254w\" sizes=\"(max-width: 1024px) 100vw, 1024px\" title=\"\">\t\t\t\t\t\t\t\t\t\t\t\t\t\t\t<\/div>\n\t\t\t\t\t<\/div>\n\t\t<\/div>\n\t\t\t\t\t<\/div>\n\t\t<\/section>\n\t\t\t\t<div class=\"elementor-element elementor-element-f6dcd62 elementor-widget elementor-widget-spacer\" data-id=\"f6dcd62\" data-element_type=\"widget\" data-e-type=\"widget\" data-widget_type=\"spacer.default\">\n\t\t\t\t\t\t\t<div class=\"elementor-spacer\">\n\t\t\t<div class=\"elementor-spacer-inner\"><\/div>\n\t\t<\/div>\n\t\t\t\t\t\t<\/div>\n\t\t\t\t\t<\/div>\n\t\t<\/div>\n\t\t\t\t\t<\/div>\n\t\t<\/section>\n\t\t\t\t<\/div>","protected":false},"excerpt":{"rendered":"<p>Or\u00e7amento tradu\u00e7\u00e3o simult\u00e2nea remota Para solicitar uma cota\u00e7\u00e3o de tradu\u00e7\u00e3o simult\u00e2nea remota para sua live, webinar, reuni\u00e3o ou videoconfer\u00eancia, tenha em m\u00e3os as seguintes informa\u00e7\u00f5es: Nome\/assunto do evento Datas \/ Dura\u00e7\u00e3o Idiomas N\u00famero de participantes remotos Plataforma escolhida ( podemos recomendar) Nome completo, telefones e empresa do solicitante Envie o seu briefing para contato@voicelink.com.br ou [&hellip;]<\/p>\n","protected":false},"author":33,"featured_media":0,"parent":0,"menu_order":5,"comment_status":"closed","ping_status":"closed","template":"","meta":{"site-sidebar-layout":"default","site-content-layout":"default","ast-site-content-layout":"default","site-content-style":"default","site-sidebar-style":"default","ast-global-header-display":"","ast-banner-title-visibility":"","ast-main-header-display":"","ast-hfb-above-header-display":"","ast-hfb-below-header-display":"","ast-hfb-mobile-header-display":"","site-post-title":"","ast-breadcrumbs-content":"","ast-featured-img":"","footer-sml-layout":"","ast-disable-related-posts":"","theme-transparent-header-meta":"default","adv-header-id-meta":"","stick-header-meta":"","header-above-stick-meta":"","header-main-stick-meta":"","header-below-stick-meta":"","astra-migrate-meta-layouts":"default","ast-page-background-enabled":"default","ast-page-background-meta":{"desktop":{"background-color":"","background-image":"","background-repeat":"repeat","background-position":"center center","background-size":"auto","background-attachment":"scroll","background-type":"","background-media":"","overlay-type":"","overlay-color":"","overlay-opacity":"","overlay-gradient":""},"tablet":{"background-color":"","background-image":"","background-repeat":"repeat","background-position":"center center","background-size":"auto","background-attachment":"scroll","background-type":"","background-media":"","overlay-type":"","overlay-color":"","overlay-opacity":"","overlay-gradient":""},"mobile":{"background-color":"","background-image":"","background-repeat":"repeat","background-position":"center center","background-size":"auto","background-attachment":"scroll","background-type":"","background-media":"","overlay-type":"","overlay-color":"","overlay-opacity":"","overlay-gradient":""}},"ast-content-background-meta":{"desktop":{"background-color":"var(--ast-global-color-5)","background-image":"","background-repeat":"repeat","background-position":"center center","background-size":"auto","background-attachment":"scroll","background-type":"","background-media":"","overlay-type":"","overlay-color":"","overlay-opacity":"","overlay-gradient":""},"tablet":{"background-color":"var(--ast-global-color-5)","background-image":"","background-repeat":"repeat","background-position":"center center","background-size":"auto","background-attachment":"scroll","background-type":"","background-media":"","overlay-type":"","overlay-color":"","overlay-opacity":"","overlay-gradient":""},"mobile":{"background-color":"var(--ast-global-color-5)","background-image":"","background-repeat":"repeat","background-position":"center center","background-size":"auto","background-attachment":"scroll","background-type":"","background-media":"","overlay-type":"","overlay-color":"","overlay-opacity":"","overlay-gradient":""}},"footnotes":""},"class_list":["post-3985","page","type-page","status-publish","hentry"],"_links":{"self":[{"href":"https:\/\/voicelink.com.br\/es\/wp-json\/wp\/v2\/pages\/3985","targetHints":{"allow":["GET"]}}],"collection":[{"href":"https:\/\/voicelink.com.br\/es\/wp-json\/wp\/v2\/pages"}],"about":[{"href":"https:\/\/voicelink.com.br\/es\/wp-json\/wp\/v2\/types\/page"}],"author":[{"embeddable":true,"href":"https:\/\/voicelink.com.br\/es\/wp-json\/wp\/v2\/users\/33"}],"replies":[{"embeddable":true,"href":"https:\/\/voicelink.com.br\/es\/wp-json\/wp\/v2\/comments?post=3985"}],"version-history":[{"count":16,"href":"https:\/\/voicelink.com.br\/es\/wp-json\/wp\/v2\/pages\/3985\/revisions"}],"predecessor-version":[{"id":8519,"href":"https:\/\/voicelink.com.br\/es\/wp-json\/wp\/v2\/pages\/3985\/revisions\/8519"}],"wp:attachment":[{"href":"https:\/\/voicelink.com.br\/es\/wp-json\/wp\/v2\/media?parent=3985"}],"curies":[{"name":"wp","href":"https:\/\/api.w.org\/{rel}","templated":true}]}}