{"id":3953,"date":"2021-05-07T15:06:02","date_gmt":"2021-05-07T18:06:02","guid":{"rendered":"https:\/\/www.voicelink.com.br\/?page_id=3953"},"modified":"2023-06-27T10:16:33","modified_gmt":"2023-06-27T13:16:33","slug":"voicelink-traducao-simultanea","status":"publish","type":"page","link":"https:\/\/voicelink.com.br\/es\/empresa\/voicelink-traducao-simultanea\/","title":{"rendered":"Voicelink Traducci\u00f3n Simult\u00e1nea"},"content":{"rendered":"<div data-elementor-type=\"wp-page\" data-elementor-id=\"3953\" class=\"elementor elementor-3953\" data-elementor-post-type=\"page\">\n\t\t\t\t\t\t<section class=\"elementor-section elementor-top-section elementor-element elementor-element-704d1b16 elementor-section-full_width elementor-section-height-default elementor-section-height-default\" data-id=\"704d1b16\" data-element_type=\"section\" data-e-type=\"section\" data-settings=\"{&quot;background_background&quot;:&quot;classic&quot;}\">\n\t\t\t\t\t\t<div class=\"elementor-container elementor-column-gap-wider\">\n\t\t\t\t\t<div class=\"elementor-column elementor-col-100 elementor-top-column elementor-element elementor-element-6431b7e0\" data-id=\"6431b7e0\" data-element_type=\"column\" data-e-type=\"column\">\n\t\t\t<div class=\"elementor-widget-wrap elementor-element-populated\">\n\t\t\t\t\t\t<section class=\"elementor-section elementor-inner-section elementor-element elementor-element-db575cf elementor-section-boxed elementor-section-height-default elementor-section-height-default\" data-id=\"db575cf\" data-element_type=\"section\" data-e-type=\"section\">\n\t\t\t\t\t\t<div class=\"elementor-container elementor-column-gap-wider\">\n\t\t\t\t\t<div class=\"elementor-column elementor-col-50 elementor-inner-column elementor-element elementor-element-e074258\" data-id=\"e074258\" data-element_type=\"column\" data-e-type=\"column\">\n\t\t\t<div class=\"elementor-widget-wrap elementor-element-populated\">\n\t\t\t\t\t\t<div class=\"elementor-element elementor-element-3c5d1fe elementor-widget elementor-widget-image\" data-id=\"3c5d1fe\" data-element_type=\"widget\" data-e-type=\"widget\" data-widget_type=\"image.default\">\n\t\t\t\t\t\t\t\t\t\t\t\t<figure class=\"wp-caption\">\n\t\t\t\t\t\t\t\t\t\t<img fetchpriority=\"high\" decoding=\"async\" width=\"600\" height=\"679\" src=\"https:\/\/voicelink.com.br\/wp-content\/uploads\/2022\/03\/pexels-sound-on-3756943-e1625699577561.jpg\" class=\"attachment-medium_large size-medium_large wp-image-6777\" alt=\"O mundo fala, voc\u00ea entende\" srcset=\"https:\/\/voicelink.com.br\/wp-content\/uploads\/2022\/03\/pexels-sound-on-3756943-e1625699577561.jpg.webp 600w, https:\/\/voicelink.com.br\/wp-content\/uploads\/2022\/03\/pexels-sound-on-3756943-e1625699577561-265x300.jpg.webp 265w\" sizes=\"(max-width: 600px) 100vw, 600px\" title=\"\">\t\t\t\t\t\t\t\t\t\t\t<figcaption class=\"widget-image-caption wp-caption-text\">Voicelink Traducci\u00f3n Simult\u00e1nea: el mundo habla, usted entiende.<\/figcaption>\n\t\t\t\t\t\t\t\t\t\t<\/figure>\n\t\t\t\t\t\t\t\t\t<\/div>\n\t\t\t\t\t<\/div>\n\t\t<\/div>\n\t\t\t\t<div class=\"elementor-column elementor-col-50 elementor-inner-column elementor-element elementor-element-2dbf15a\" data-id=\"2dbf15a\" data-element_type=\"column\" data-e-type=\"column\">\n\t\t\t<div class=\"elementor-widget-wrap elementor-element-populated\">\n\t\t\t\t\t\t<div class=\"elementor-element elementor-element-fb2bc84 elementor-widget elementor-widget-heading\" data-id=\"fb2bc84\" data-element_type=\"widget\" data-e-type=\"widget\" data-widget_type=\"heading.default\">\n\t\t\t\t\t<h1 class=\"elementor-heading-title elementor-size-default\">Descubra el poder de la comunicaci\u00f3n global con Voicelink Traducci\u00f3n Simult\u00e1nea<\/h1>\t\t\t\t<\/div>\n\t\t\t\t<div class=\"elementor-element elementor-element-fd8821b elementor-widget elementor-widget-text-editor\" data-id=\"fd8821b\" data-element_type=\"widget\" data-e-type=\"widget\" data-widget_type=\"text-editor.default\">\n\t\t\t\t\t\t\t\t\t<p style=\"border-style: solid; border-color: #d9d9e3; --tw-border-spacing-x: 0; --tw-border-spacing-y: 0; --tw-translate-x: 0; --tw-translate-y: 0; --tw-rotate: 0; --tw-skew-x: 0; --tw-skew-y: 0; --tw-scale-x: 1; --tw-scale-y: 1; --tw-scroll-snap-strictness: proximity; --tw-ring-offset-width: 0px; --tw-ring-offset-color: #fff; --tw-ring-color: rgba(69,89,164,.5); --tw-ring-offset-shadow: 0 0 transparent; --tw-ring-shadow: 0 0 transparent; --tw-shadow: 0 0 transparent; --tw-shadow-colored: 0 0 transparent; margin-bottom: 1.25em; color: #374151; font-family: S\u00f6hne, ui-sans-serif, system-ui, -apple-system, 'Segoe UI', Roboto, Ubuntu, Cantarell, 'Noto Sans', sans-serif, 'Helvetica Neue', Arial, 'Apple Color Emoji', 'Segoe UI Emoji', 'Segoe UI Symbol', 'Noto Color Emoji'; font-size: 16px; font-style: normal; font-weight: 400; letter-spacing: normal; text-align: start; white-space-collapse: preserve; background-color: #f7f7f8;\"><span style=\"font-size: 16px; font-style: normal; font-weight: 400;\">Fundada por dos int\u00e9rpretes de conferencias experimentadas y notorias, con una trayectoria de m\u00e1s de 15 a\u00f1os de \u00e9xito, Voicelink Traducci\u00f3n Simult\u00e1nea va m\u00e1s all\u00e1 de la traducci\u00f3n literal, brindando una experiencia \u00fanica de conexi\u00f3n entre idiomas. Creemos que la traducci\u00f3n simult\u00e1nea es el arte de comunicar ideas con exactitud y fluidez, preservando el impacto cultural pretendido por los oradores originales.<\/span><\/p><p style=\"border-style: solid; border-color: #d9d9e3; --tw-border-spacing-x: 0; --tw-border-spacing-y: 0; --tw-translate-x: 0; --tw-translate-y: 0; --tw-rotate: 0; --tw-skew-x: 0; --tw-skew-y: 0; --tw-scale-x: 1; --tw-scale-y: 1; --tw-scroll-snap-strictness: proximity; --tw-ring-offset-width: 0px; --tw-ring-offset-color: #fff; --tw-ring-color: rgba(69,89,164,.5); --tw-ring-offset-shadow: 0 0 transparent; --tw-ring-shadow: 0 0 transparent; --tw-shadow: 0 0 transparent; --tw-shadow-colored: 0 0 transparent; margin-top: 1.25em; margin-bottom: 1.25em; color: #374151; font-family: S\u00f6hne, ui-sans-serif, system-ui, -apple-system, 'Segoe UI', Roboto, Ubuntu, Cantarell, 'Noto Sans', sans-serif, 'Helvetica Neue', Arial, 'Apple Color Emoji', 'Segoe UI Emoji', 'Segoe UI Symbol', 'Noto Color Emoji'; font-size: 16px; font-style: normal; font-weight: 400; letter-spacing: normal; text-align: start; white-space-collapse: preserve; background-color: #f7f7f8;\">Imag\u00ednese en un gran evento internacional, donde las barreras ling\u00fc\u00edsticas ya no son un obst\u00e1culo. Los int\u00e9rpretes especializados de Voicelink convierten cada palabra en un puente perfecto entre culturas, garantizando que usted comprenda y sea comprendido en cualquier lugar del mundo. Ya sea una conferencia empresarial, una reuni\u00f3n confidencial, un congreso cient\u00edfico de vanguardia o incluso un emocionante evento cultural, nuestros servicios de traducci\u00f3n oral son su clave para una comunicaci\u00f3n efectiva en ingl\u00e9s, espa\u00f1ol, franc\u00e9s, italiano, alem\u00e1n, japon\u00e9s y otros idiomas.<\/p><p style=\"border-style: solid; border-color: #d9d9e3; --tw-border-spacing-x: 0; --tw-border-spacing-y: 0; --tw-translate-x: 0; --tw-translate-y: 0; --tw-rotate: 0; --tw-skew-x: 0; --tw-skew-y: 0; --tw-scale-x: 1; --tw-scale-y: 1; --tw-scroll-snap-strictness: proximity; --tw-ring-offset-width: 0px; --tw-ring-offset-color: #fff; --tw-ring-color: rgba(69,89,164,.5); --tw-ring-offset-shadow: 0 0 transparent; --tw-ring-shadow: 0 0 transparent; --tw-shadow: 0 0 transparent; --tw-shadow-colored: 0 0 transparent; margin-top: 1.25em; margin-bottom: 1.25em; color: #374151; font-family: S\u00f6hne, ui-sans-serif, system-ui, -apple-system, 'Segoe UI', Roboto, Ubuntu, Cantarell, 'Noto Sans', sans-serif, 'Helvetica Neue', Arial, 'Apple Color Emoji', 'Segoe UI Emoji', 'Segoe UI Symbol', 'Noto Color Emoji'; font-size: 16px; font-style: normal; font-weight: 400; letter-spacing: normal; text-align: start; white-space-collapse: preserve; background-color: #f7f7f8;\">En Voicelink Traducci\u00f3n Simult\u00e1nea, valoramos la importancia de contar con profesionales calificados y experimentados. Los int\u00e9rpretes de nuestros equipos son seleccionados cuidadosamente para garantizar la excelencia en cada proyecto. Son apasionados por los desaf\u00edos ling\u00fc\u00edsticos y tienen habilidad excepcional para adaptarse a diferentes contextos y temas, proporcionando una traducci\u00f3n simult\u00e1nea impecable, con el m\u00e1s alto nivel profesional.<\/p>\t\t\t\t\t\t\t\t<\/div>\n\t\t\t\t\t<\/div>\n\t\t<\/div>\n\t\t\t\t\t<\/div>\n\t\t<\/section>\n\t\t\t\t<section class=\"elementor-section elementor-inner-section elementor-element elementor-element-e7b5f44 elementor-section-boxed elementor-section-height-default elementor-section-height-default\" data-id=\"e7b5f44\" data-element_type=\"section\" data-e-type=\"section\">\n\t\t\t\t\t\t<div class=\"elementor-container elementor-column-gap-wider\">\n\t\t\t\t\t<div class=\"elementor-column elementor-col-100 elementor-inner-column elementor-element elementor-element-1e89fcb\" data-id=\"1e89fcb\" data-element_type=\"column\" data-e-type=\"column\">\n\t\t\t<div class=\"elementor-widget-wrap elementor-element-populated\">\n\t\t\t\t\t\t<div class=\"elementor-element elementor-element-a4c14fa elementor-widget elementor-widget-text-editor\" data-id=\"a4c14fa\" data-element_type=\"widget\" data-e-type=\"widget\" data-widget_type=\"text-editor.default\">\n\t\t\t\t\t\t\t\t\t<p><span style=\"color: #374151; font-family: S\u00f6hne, ui-sans-serif, system-ui, -apple-system, 'Segoe UI', Roboto, Ubuntu, Cantarell, 'Noto Sans', sans-serif, 'Helvetica Neue', Arial, 'Apple Color Emoji', 'Segoe UI Emoji', 'Segoe UI Symbol', 'Noto Color Emoji'; font-size: 16px; font-style: normal; font-weight: 400; letter-spacing: normal; white-space-collapse: preserve; background-color: #f7f7f8;\">Voicelink act\u00faa en cientos de congresos, reuniones, talleres, seminarios, entrenamientos, ruedas de prensa y acompa\u00f1amientos cada a\u00f1o, dando voz a sus ideas en traducci\u00f3n simult\u00e1nea. Nuestra base profesional se encuentra en la ciudad de S\u00e3o Paulo, el mayor centro de eventos de Brasil, pero tambi\u00e9n atendemos a clientes de otras ciudades y regiones, e incluso de otros pa\u00edses, tanto en persona como a trav\u00e9s de plataformas remotas de comunicaci\u00f3n, como Zoom, Teams y otras.<\/span><\/p>\t\t\t\t\t\t\t\t<\/div>\n\t\t\t\t\t<\/div>\n\t\t<\/div>\n\t\t\t\t\t<\/div>\n\t\t<\/section>\n\t\t\t\t\t<\/div>\n\t\t<\/div>\n\t\t\t\t\t<\/div>\n\t\t<\/section>\n\t\t\t\t<section class=\"elementor-section elementor-top-section elementor-element elementor-element-c3bc1fd elementor-section-full_width elementor-section-height-default elementor-section-height-default\" data-id=\"c3bc1fd\" data-element_type=\"section\" data-e-type=\"section\" data-settings=\"{&quot;background_background&quot;:&quot;classic&quot;}\">\n\t\t\t\t\t\t<div class=\"elementor-container elementor-column-gap-default\">\n\t\t\t\t\t<div class=\"elementor-column elementor-col-100 elementor-top-column elementor-element elementor-element-d525f06\" data-id=\"d525f06\" data-element_type=\"column\" data-e-type=\"column\">\n\t\t\t<div class=\"elementor-widget-wrap elementor-element-populated\">\n\t\t\t\t\t\t<div class=\"elementor-element elementor-element-ee9d7d3 elementor-widget elementor-widget-spacer\" data-id=\"ee9d7d3\" data-element_type=\"widget\" data-e-type=\"widget\" data-widget_type=\"spacer.default\">\n\t\t\t\t\t\t\t<div class=\"elementor-spacer\">\n\t\t\t<div class=\"elementor-spacer-inner\"><\/div>\n\t\t<\/div>\n\t\t\t\t\t\t<\/div>\n\t\t\t\t<section class=\"elementor-section elementor-inner-section elementor-element elementor-element-90a4ee2 elementor-section-boxed elementor-section-height-default elementor-section-height-default\" data-id=\"90a4ee2\" data-element_type=\"section\" data-e-type=\"section\">\n\t\t\t\t\t\t<div class=\"elementor-container elementor-column-gap-wider\">\n\t\t\t\t\t<div class=\"elementor-column elementor-col-50 elementor-inner-column elementor-element elementor-element-ed5bb13\" data-id=\"ed5bb13\" data-element_type=\"column\" data-e-type=\"column\">\n\t\t\t<div class=\"elementor-widget-wrap elementor-element-populated\">\n\t\t\t\t\t\t<div class=\"elementor-element elementor-element-30baa32 elementor-widget elementor-widget-heading\" data-id=\"30baa32\" data-element_type=\"widget\" data-e-type=\"widget\" data-widget_type=\"heading.default\">\n\t\t\t\t\t<h2 class=\"elementor-heading-title elementor-size-default\">La promesa de Voicelink Traducci\u00f3n Simult\u00e1nea<\/h2>\t\t\t\t<\/div>\n\t\t\t\t<div class=\"elementor-element elementor-element-85e1414 elementor-widget elementor-widget-text-editor\" data-id=\"85e1414\" data-element_type=\"widget\" data-e-type=\"widget\" data-widget_type=\"text-editor.default\">\n\t\t\t\t\t\t\t\t\t<p style=\"border-style: solid; border-color: #d9d9e3; --tw-border-spacing-x: 0; --tw-border-spacing-y: 0; --tw-translate-x: 0; --tw-translate-y: 0; --tw-rotate: 0; --tw-skew-x: 0; --tw-skew-y: 0; --tw-scale-x: 1; --tw-scale-y: 1; --tw-scroll-snap-strictness: proximity; --tw-ring-offset-width: 0px; --tw-ring-offset-color: #fff; --tw-ring-color: rgba(69,89,164,.5); --tw-ring-offset-shadow: 0 0 transparent; --tw-ring-shadow: 0 0 transparent; --tw-shadow: 0 0 transparent; --tw-shadow-colored: 0 0 transparent; margin-top: 1.25em; margin-bottom: 1.25em; color: #374151; font-family: S\u00f6hne, ui-sans-serif, system-ui, -apple-system, 'Segoe UI', Roboto, Ubuntu, Cantarell, 'Noto Sans', sans-serif, 'Helvetica Neue', Arial, 'Apple Color Emoji', 'Segoe UI Emoji', 'Segoe UI Symbol', 'Noto Color Emoji'; font-size: 16px; font-style: normal; font-weight: 400; letter-spacing: normal; white-space-collapse: preserve; background-color: #f7f7f8;\">La promesa que hacemos es trabajar dentro y fuera de la cabina para asegurar que su evento sea un \u00e9xito completo. Nuestros valores incluyen el profesionalismo, la dedicaci\u00f3n al conocimiento, la puntualidad, la simpat\u00eda y la flexibilidad. Nuestro equipo de int\u00e9rpretes est\u00e1 listo para superar sus expectativas, garantizando que cada detalle sea planeado cuidadosamente y ejecutado con excelencia.<\/p><p style=\"border-style: solid; border-color: #d9d9e3; --tw-border-spacing-x: 0; --tw-border-spacing-y: 0; --tw-translate-x: 0; --tw-translate-y: 0; --tw-rotate: 0; --tw-skew-x: 0; --tw-skew-y: 0; --tw-scale-x: 1; --tw-scale-y: 1; --tw-scroll-snap-strictness: proximity; --tw-ring-offset-width: 0px; --tw-ring-offset-color: #fff; --tw-ring-color: rgba(69,89,164,.5); --tw-ring-offset-shadow: 0 0 transparent; --tw-ring-shadow: 0 0 transparent; --tw-shadow: 0 0 transparent; --tw-shadow-colored: 0 0 transparent; margin-top: 1.25em; margin-bottom: 1.25em; color: #374151; font-family: S\u00f6hne, ui-sans-serif, system-ui, -apple-system, 'Segoe UI', Roboto, Ubuntu, Cantarell, 'Noto Sans', sans-serif, 'Helvetica Neue', Arial, 'Apple Color Emoji', 'Segoe UI Emoji', 'Segoe UI Symbol', 'Noto Color Emoji'; font-size: 16px; font-style: normal; font-weight: 400; letter-spacing: normal; white-space-collapse: preserve; background-color: #f7f7f8;\">Sabemos que cada evento es \u00fanico, y es por eso que nuestra especialidad es encontrar al int\u00e9rprete que tenga la formaci\u00f3n y voz ideales para su evento. Con una amplia base de int\u00e9rpretes altamente calificados, podemos seleccionar al profesional perfecto para satisfacer sus necesidades espec\u00edficas y garantizar una comunicaci\u00f3n fluida e impactante.<\/p><p style=\"border-style: solid; border-color: #d9d9e3; --tw-border-spacing-x: 0; --tw-border-spacing-y: 0; --tw-translate-x: 0; --tw-translate-y: 0; --tw-rotate: 0; --tw-skew-x: 0; --tw-skew-y: 0; --tw-scale-x: 1; --tw-scale-y: 1; --tw-scroll-snap-strictness: proximity; --tw-ring-offset-width: 0px; --tw-ring-offset-color: #fff; --tw-ring-color: rgba(69,89,164,.5); --tw-ring-offset-shadow: 0 0 transparent; --tw-ring-shadow: 0 0 transparent; --tw-shadow: 0 0 transparent; --tw-shadow-colored: 0 0 transparent; margin-top: 1.25em; margin-bottom: 1.25em; color: #374151; font-family: S\u00f6hne, ui-sans-serif, system-ui, -apple-system, 'Segoe UI', Roboto, Ubuntu, Cantarell, 'Noto Sans', sans-serif, 'Helvetica Neue', Arial, 'Apple Color Emoji', 'Segoe UI Emoji', 'Segoe UI Symbol', 'Noto Color Emoji'; font-size: 16px; font-style: normal; font-weight: 400; letter-spacing: normal; white-space-collapse: preserve; background-color: #f7f7f8;\">Venga a conocer de cerca los atributos que hacen de Voicelink Traducci\u00f3n Simult\u00e1nea su aliado preferido en el mundo de los eventos corporativos y gubernamentales.<\/p><p style=\"border-style: solid; border-color: #d9d9e3; --tw-border-spacing-x: 0; --tw-border-spacing-y: 0; --tw-translate-x: 0; --tw-translate-y: 0; --tw-rotate: 0; --tw-skew-x: 0; --tw-skew-y: 0; --tw-scale-x: 1; --tw-scale-y: 1; --tw-scroll-snap-strictness: proximity; --tw-ring-offset-width: 0px; --tw-ring-offset-color: #fff; --tw-ring-color: rgba(69,89,164,.5); --tw-ring-offset-shadow: 0 0 transparent; --tw-ring-shadow: 0 0 transparent; --tw-shadow: 0 0 transparent; --tw-shadow-colored: 0 0 transparent; margin-top: 1.25em; margin-bottom: 1.25em; color: #374151; font-family: S\u00f6hne, ui-sans-serif, system-ui, -apple-system, 'Segoe UI', Roboto, Ubuntu, Cantarell, 'Noto Sans', sans-serif, 'Helvetica Neue', Arial, 'Apple Color Emoji', 'Segoe UI Emoji', 'Segoe UI Symbol', 'Noto Color Emoji'; font-size: 16px; font-style: normal; font-weight: 400; letter-spacing: normal; white-space-collapse: preserve; background-color: #f7f7f8;\">Con nuestra experiencia comprobada y pasi\u00f3n por la excelencia, estamos listos para elevar la calidad de sus traducciones simult\u00e1neas y proporcionar una experiencia memorable a todos los participantes.<\/p><p style=\"border-style: solid; border-color: #d9d9e3; --tw-border-spacing-x: 0; --tw-border-spacing-y: 0; --tw-translate-x: 0; --tw-translate-y: 0; --tw-rotate: 0; --tw-skew-x: 0; --tw-skew-y: 0; --tw-scale-x: 1; --tw-scale-y: 1; --tw-scroll-snap-strictness: proximity; --tw-ring-offset-width: 0px; --tw-ring-offset-color: #fff; --tw-ring-color: rgba(69,89,164,.5); --tw-ring-offset-shadow: 0 0 transparent; --tw-ring-shadow: 0 0 transparent; --tw-shadow: 0 0 transparent; --tw-shadow-colored: 0 0 transparent; margin-top: 1.25em; margin-bottom: 0px; color: #374151; font-family: S\u00f6hne, ui-sans-serif, system-ui, -apple-system, 'Segoe UI', Roboto, Ubuntu, Cantarell, 'Noto Sans', sans-serif, 'Helvetica Neue', Arial, 'Apple Color Emoji', 'Segoe UI Emoji', 'Segoe UI Symbol', 'Noto Color Emoji'; font-size: 16px; font-style: normal; font-weight: 400; letter-spacing: normal; white-space-collapse: preserve; background-color: #f7f7f8;\">Con Voicelink Traducci\u00f3n Simult\u00e1nea, las barreras ling\u00fc\u00edsticas desaparecen y las oportunidades se expanden. Descubra el poder de la comunicaci\u00f3n global y \u00fanase a nosotros para una jornada de \u00e9xito. Cont\u00e1ctenos hoy mismo y lleve su comunicaci\u00f3n al siguiente nivel.<\/p>\t\t\t\t\t\t\t\t<\/div>\n\t\t\t\t\t<\/div>\n\t\t<\/div>\n\t\t\t\t<div class=\"elementor-column elementor-col-50 elementor-inner-column elementor-element elementor-element-2f45ca7\" data-id=\"2f45ca7\" data-element_type=\"column\" data-e-type=\"column\">\n\t\t\t<div class=\"elementor-widget-wrap elementor-element-populated\">\n\t\t\t\t\t\t<div class=\"elementor-element elementor-element-a7fa973 elementor-widget elementor-widget-image\" data-id=\"a7fa973\" data-element_type=\"widget\" data-e-type=\"widget\" data-widget_type=\"image.default\">\n\t\t\t\t\t\t\t\t\t\t\t\t\t\t\t<img decoding=\"async\" width=\"768\" height=\"768\" src=\"https:\/\/voicelink.com.br\/wp-content\/uploads\/2022\/03\/20191024_085828-768x768.jpg\" class=\"attachment-medium_large size-medium_large wp-image-6500\" alt=\"Cabine de Tradu\u00e7\u00e3o Simult\u00e2nea\" srcset=\"https:\/\/voicelink.com.br\/wp-content\/uploads\/2022\/03\/20191024_085828-768x768.jpg 768w, https:\/\/voicelink.com.br\/wp-content\/uploads\/2022\/03\/20191024_085828-300x300.jpg 300w, https:\/\/voicelink.com.br\/wp-content\/uploads\/2022\/03\/20191024_085828-1024x1024.jpg 1024w, https:\/\/voicelink.com.br\/wp-content\/uploads\/2022\/03\/20191024_085828-150x150.jpg 150w, https:\/\/voicelink.com.br\/wp-content\/uploads\/2022\/03\/20191024_085828-1536x1536.jpg 1536w, https:\/\/voicelink.com.br\/wp-content\/uploads\/2022\/03\/20191024_085828.jpg 1568w\" sizes=\"(max-width: 768px) 100vw, 768px\" title=\"\">\t\t\t\t\t\t\t\t\t\t\t\t\t\t\t<\/div>\n\t\t\t\t<div class=\"elementor-element elementor-element-ca1541a elementor-widget elementor-widget-heading\" data-id=\"ca1541a\" data-element_type=\"widget\" data-e-type=\"widget\" data-widget_type=\"heading.default\">\n\t\t\t\t\t<p class=\"elementor-heading-title elementor-size-default\">Solicite su cotizaci\u00f3n de traducci\u00f3n simult\u00e1nea con Voicelink.<\/p>\t\t\t\t<\/div>\n\t\t\t\t<div class=\"elementor-element elementor-element-8ae17ab elementor-align-center elementor-widget elementor-widget-button\" data-id=\"8ae17ab\" data-element_type=\"widget\" data-e-type=\"widget\" data-widget_type=\"button.default\">\n\t\t\t\t\t\t\t\t\t\t<a class=\"elementor-button elementor-button-link elementor-size-md\" href=\"https:\/\/voicelink.com.br\/es\/orcamento\/\">\n\t\t\t\t\t\t<span class=\"elementor-button-content-wrapper\">\n\t\t\t\t\t\t\t\t\t<span class=\"elementor-button-text\">Solicitar cotizaci\u00f3n<\/span>\n\t\t\t\t\t<\/span>\n\t\t\t\t\t<\/a>\n\t\t\t\t\t\t\t\t<\/div>\n\t\t\t\t<div class=\"elementor-element elementor-element-ffe50e9 elementor-widget elementor-widget-spacer\" data-id=\"ffe50e9\" data-element_type=\"widget\" data-e-type=\"widget\" data-widget_type=\"spacer.default\">\n\t\t\t\t\t\t\t<div class=\"elementor-spacer\">\n\t\t\t<div class=\"elementor-spacer-inner\"><\/div>\n\t\t<\/div>\n\t\t\t\t\t\t<\/div>\n\t\t\t\t\t<\/div>\n\t\t<\/div>\n\t\t\t\t\t<\/div>\n\t\t<\/section>\n\t\t\t\t\t<\/div>\n\t\t<\/div>\n\t\t\t\t\t<\/div>\n\t\t<\/section>\n\t\t\t\t<\/div>","protected":false},"excerpt":{"rendered":"<p>O mundo fala, voc\u00ea entende. Voicelink Tradu\u00e7\u00e3o Simult\u00e2nea. Descubra o poder da comunica\u00e7\u00e3o global com a Voicelink Tradu\u00e7\u00e3o Simult\u00e2nea Fundada por duas int\u00e9rpretes de confer\u00eancia experientes, com um hist\u00f3rico de mais de 15 anos de sucesso na \u00e1rea, a Voicelink Tradu\u00e7\u00e3o Simult\u00e2nea vai al\u00e9m da tradu\u00e7\u00e3o de meras palavras, proporcionando uma experi\u00eancia inigual\u00e1vel de conex\u00e3o [&hellip;]<\/p>\n","protected":false},"author":33,"featured_media":0,"parent":3949,"menu_order":1,"comment_status":"closed","ping_status":"closed","template":"","meta":{"site-sidebar-layout":"default","site-content-layout":"default","ast-site-content-layout":"default","site-content-style":"default","site-sidebar-style":"default","ast-global-header-display":"","ast-banner-title-visibility":"","ast-main-header-display":"","ast-hfb-above-header-display":"","ast-hfb-below-header-display":"","ast-hfb-mobile-header-display":"","site-post-title":"","ast-breadcrumbs-content":"","ast-featured-img":"","footer-sml-layout":"","ast-disable-related-posts":"","theme-transparent-header-meta":"default","adv-header-id-meta":"","stick-header-meta":"","header-above-stick-meta":"","header-main-stick-meta":"","header-below-stick-meta":"","astra-migrate-meta-layouts":"default","ast-page-background-enabled":"default","ast-page-background-meta":{"desktop":{"background-color":"","background-image":"","background-repeat":"repeat","background-position":"center center","background-size":"auto","background-attachment":"scroll","background-type":"","background-media":"","overlay-type":"","overlay-color":"","overlay-opacity":"","overlay-gradient":""},"tablet":{"background-color":"","background-image":"","background-repeat":"repeat","background-position":"center center","background-size":"auto","background-attachment":"scroll","background-type":"","background-media":"","overlay-type":"","overlay-color":"","overlay-opacity":"","overlay-gradient":""},"mobile":{"background-color":"","background-image":"","background-repeat":"repeat","background-position":"center center","background-size":"auto","background-attachment":"scroll","background-type":"","background-media":"","overlay-type":"","overlay-color":"","overlay-opacity":"","overlay-gradient":""}},"ast-content-background-meta":{"desktop":{"background-color":"var(--ast-global-color-5)","background-image":"","background-repeat":"repeat","background-position":"center center","background-size":"auto","background-attachment":"scroll","background-type":"","background-media":"","overlay-type":"","overlay-color":"","overlay-opacity":"","overlay-gradient":""},"tablet":{"background-color":"var(--ast-global-color-5)","background-image":"","background-repeat":"repeat","background-position":"center center","background-size":"auto","background-attachment":"scroll","background-type":"","background-media":"","overlay-type":"","overlay-color":"","overlay-opacity":"","overlay-gradient":""},"mobile":{"background-color":"var(--ast-global-color-5)","background-image":"","background-repeat":"repeat","background-position":"center center","background-size":"auto","background-attachment":"scroll","background-type":"","background-media":"","overlay-type":"","overlay-color":"","overlay-opacity":"","overlay-gradient":""}},"footnotes":""},"class_list":["post-3953","page","type-page","status-publish","hentry"],"_links":{"self":[{"href":"https:\/\/voicelink.com.br\/es\/wp-json\/wp\/v2\/pages\/3953","targetHints":{"allow":["GET"]}}],"collection":[{"href":"https:\/\/voicelink.com.br\/es\/wp-json\/wp\/v2\/pages"}],"about":[{"href":"https:\/\/voicelink.com.br\/es\/wp-json\/wp\/v2\/types\/page"}],"author":[{"embeddable":true,"href":"https:\/\/voicelink.com.br\/es\/wp-json\/wp\/v2\/users\/33"}],"replies":[{"embeddable":true,"href":"https:\/\/voicelink.com.br\/es\/wp-json\/wp\/v2\/comments?post=3953"}],"version-history":[{"count":17,"href":"https:\/\/voicelink.com.br\/es\/wp-json\/wp\/v2\/pages\/3953\/revisions"}],"predecessor-version":[{"id":8131,"href":"https:\/\/voicelink.com.br\/es\/wp-json\/wp\/v2\/pages\/3953\/revisions\/8131"}],"up":[{"embeddable":true,"href":"https:\/\/voicelink.com.br\/es\/wp-json\/wp\/v2\/pages\/3949"}],"wp:attachment":[{"href":"https:\/\/voicelink.com.br\/es\/wp-json\/wp\/v2\/media?parent=3953"}],"curies":[{"name":"wp","href":"https:\/\/api.w.org\/{rel}","templated":true}]}}