{"id":3998,"date":"2021-05-07T15:42:43","date_gmt":"2021-05-07T18:42:43","guid":{"rendered":"https:\/\/www.voicelink.com.br\/?page_id=3998"},"modified":"2022-04-29T11:46:17","modified_gmt":"2022-04-29T14:46:17","slug":"especialidades","status":"publish","type":"page","link":"https:\/\/voicelink.com.br\/en\/empresa\/especialidades\/","title":{"rendered":"Specialties"},"content":{"rendered":"<div data-elementor-type=\"wp-page\" data-elementor-id=\"3998\" class=\"elementor elementor-3998\" data-elementor-post-type=\"page\">\n\t\t\t\t\t\t<section class=\"elementor-section elementor-top-section elementor-element elementor-element-56e41291 elementor-section-full_width elementor-section-height-default elementor-section-height-default\" data-id=\"56e41291\" data-element_type=\"section\" data-e-type=\"section\">\n\t\t\t\t\t\t<div class=\"elementor-container elementor-column-gap-wider\">\n\t\t\t\t\t<div class=\"elementor-column elementor-col-100 elementor-top-column elementor-element elementor-element-134166f4\" data-id=\"134166f4\" data-element_type=\"column\" data-e-type=\"column\">\n\t\t\t<div class=\"elementor-widget-wrap elementor-element-populated\">\n\t\t\t\t\t\t<section class=\"elementor-section elementor-inner-section elementor-element elementor-element-08afe9b elementor-section-boxed elementor-section-height-default elementor-section-height-default\" data-id=\"08afe9b\" data-element_type=\"section\" data-e-type=\"section\">\n\t\t\t\t\t\t<div class=\"elementor-container elementor-column-gap-wider\">\n\t\t\t\t\t<div class=\"elementor-column elementor-col-50 elementor-inner-column elementor-element elementor-element-51b7503\" data-id=\"51b7503\" data-element_type=\"column\" data-e-type=\"column\">\n\t\t\t<div class=\"elementor-widget-wrap elementor-element-populated\">\n\t\t\t\t\t\t<div class=\"elementor-element elementor-element-8905f28 elementor-widget elementor-widget-heading\" data-id=\"8905f28\" data-element_type=\"widget\" data-e-type=\"widget\" data-widget_type=\"heading.default\">\n\t\t\t\t\t<h1 class=\"elementor-heading-title elementor-size-default\">Specialties<\/h1>\t\t\t\t<\/div>\n\t\t\t\t<div class=\"elementor-element elementor-element-61ee4e40 elementor-widget elementor-widget-text-editor\" data-id=\"61ee4e40\" data-element_type=\"widget\" data-e-type=\"widget\" data-widget_type=\"text-editor.default\">\n\t\t\t\t\t\t\t\t\t<p class=\"Par_grafodalista\"><span class=\"tm6\">A quality interpreter needs, in addition to mastering the language and simultaneous translation techniques, to have knowledge of the subject that will be addressed at the event. In our team, we have simultaneous translators who have improved in several areas:<\/span><\/p><ul><li class=\"Par_grafodalista tm6\"><span class=\"tm7\">Law (hearings, investigations, arbitrations, etc.)<\/span><\/li><li class=\"Par_grafodalista tm6\"><span class=\"tm7\">Mobility and Urbanism (trainings, lectures, field audits)<\/span><\/li><li class=\"Par_grafodalista tm6\"><span class=\"tm7\">Corporate governance (Board of Directors and Committee meetings, restructuring, courses and lectures)<\/span><\/li><li class=\"Par_grafodalista tm6\"><span class=\"tm7\">Economy and Financial Market (earnings release conference calls and IPOs)<\/span><\/li><\/ul><p class=\"Normal tm5\"><span class=\"tm6\">Cuente con la experiencia y habilidad de nuestros\u00a0<a href=\"https:\/\/voicelink.com.br\/en\/servicos\/interpretes\/\">interpreters<\/a>\u00a0and consult us when there is a need for a specific profile for the\u00a0<a href=\"https:\/\/voicelink.com.br\/en\/servicos\/traducao-simultanea-presencial\/\" target=\"_blank\" rel=\"noopener\">simultaneous translation<\/a>\u00a0or\u00a0<a href=\"https:\/\/voicelink.com.br\/en\/servicos\/traducao-consecutiva\/\" target=\"_blank\" rel=\"noopener\">Consecutive translation<\/a>\u00a0of your congress or meeting.<\/span><\/p>\t\t\t\t\t\t\t\t<\/div>\n\t\t\t\t\t<\/div>\n\t\t<\/div>\n\t\t\t\t<div class=\"elementor-column elementor-col-50 elementor-inner-column elementor-element elementor-element-6a65699\" data-id=\"6a65699\" data-element_type=\"column\" data-e-type=\"column\">\n\t\t\t<div class=\"elementor-widget-wrap elementor-element-populated\">\n\t\t\t\t\t\t<div class=\"elementor-element elementor-element-da45664 elementor-widget elementor-widget-image\" data-id=\"da45664\" data-element_type=\"widget\" data-e-type=\"widget\" data-widget_type=\"image.default\">\n\t\t\t\t\t\t\t\t\t\t\t\t\t\t\t<img fetchpriority=\"high\" decoding=\"async\" width=\"1024\" height=\"684\" src=\"https:\/\/voicelink.com.br\/wp-content\/uploads\/2022\/03\/Gravacao-min2.jpg\" class=\"attachment-large size-large wp-image-6566\" alt=\"Int\u00e9rprete especialista fazendo grava\u00e7\u00e3o\" srcset=\"https:\/\/voicelink.com.br\/wp-content\/uploads\/2022\/03\/Gravacao-min2.jpg 1024w, https:\/\/voicelink.com.br\/wp-content\/uploads\/2022\/03\/Gravacao-min2-300x200.jpg 300w, https:\/\/voicelink.com.br\/wp-content\/uploads\/2022\/03\/Gravacao-min2-768x513.jpg 768w\" sizes=\"(max-width: 1024px) 100vw, 1024px\" title=\"\">\t\t\t\t\t\t\t\t\t\t\t\t\t\t\t<\/div>\n\t\t\t\t\t<\/div>\n\t\t<\/div>\n\t\t\t\t\t<\/div>\n\t\t<\/section>\n\t\t\t\t\t<\/div>\n\t\t<\/div>\n\t\t\t\t\t<\/div>\n\t\t<\/section>\n\t\t\t\t<\/div>","protected":false},"excerpt":{"rendered":"<p>Especialidades Um int\u00e9rprete de qualidade precisa, al\u00e9m do dom\u00ednio do idioma e das t\u00e9cnicas de tradu\u00e7\u00e3o simult\u00e2nea, ter conhecimento do assunto que ser\u00e1 tratado no evento. Em nossa equipe, temos tradutores simult\u00e2neos que se aperfei\u00e7oaram em diversas \u00e1reas: Direito (audi\u00eancias, investiga\u00e7\u00f5es, arbitragens, etc) Mobilidade e Urbanismo (treinamentos, palestras, auditorias em campo) Governan\u00e7a corporativa (reuni\u00f5es de [&hellip;]<\/p>\n","protected":false},"author":33,"featured_media":0,"parent":3949,"menu_order":5,"comment_status":"closed","ping_status":"closed","template":"","meta":{"site-sidebar-layout":"default","site-content-layout":"default","ast-site-content-layout":"default","site-content-style":"default","site-sidebar-style":"default","ast-global-header-display":"","ast-banner-title-visibility":"","ast-main-header-display":"","ast-hfb-above-header-display":"","ast-hfb-below-header-display":"","ast-hfb-mobile-header-display":"","site-post-title":"","ast-breadcrumbs-content":"","ast-featured-img":"","footer-sml-layout":"","ast-disable-related-posts":"","theme-transparent-header-meta":"default","adv-header-id-meta":"","stick-header-meta":"","header-above-stick-meta":"","header-main-stick-meta":"","header-below-stick-meta":"","astra-migrate-meta-layouts":"default","ast-page-background-enabled":"default","ast-page-background-meta":{"desktop":{"background-color":"","background-image":"","background-repeat":"repeat","background-position":"center center","background-size":"auto","background-attachment":"scroll","background-type":"","background-media":"","overlay-type":"","overlay-color":"","overlay-opacity":"","overlay-gradient":""},"tablet":{"background-color":"","background-image":"","background-repeat":"repeat","background-position":"center center","background-size":"auto","background-attachment":"scroll","background-type":"","background-media":"","overlay-type":"","overlay-color":"","overlay-opacity":"","overlay-gradient":""},"mobile":{"background-color":"","background-image":"","background-repeat":"repeat","background-position":"center center","background-size":"auto","background-attachment":"scroll","background-type":"","background-media":"","overlay-type":"","overlay-color":"","overlay-opacity":"","overlay-gradient":""}},"ast-content-background-meta":{"desktop":{"background-color":"var(--ast-global-color-5)","background-image":"","background-repeat":"repeat","background-position":"center center","background-size":"auto","background-attachment":"scroll","background-type":"","background-media":"","overlay-type":"","overlay-color":"","overlay-opacity":"","overlay-gradient":""},"tablet":{"background-color":"var(--ast-global-color-5)","background-image":"","background-repeat":"repeat","background-position":"center center","background-size":"auto","background-attachment":"scroll","background-type":"","background-media":"","overlay-type":"","overlay-color":"","overlay-opacity":"","overlay-gradient":""},"mobile":{"background-color":"var(--ast-global-color-5)","background-image":"","background-repeat":"repeat","background-position":"center center","background-size":"auto","background-attachment":"scroll","background-type":"","background-media":"","overlay-type":"","overlay-color":"","overlay-opacity":"","overlay-gradient":""}},"footnotes":""},"class_list":["post-3998","page","type-page","status-publish","hentry"],"_links":{"self":[{"href":"https:\/\/voicelink.com.br\/en\/wp-json\/wp\/v2\/pages\/3998","targetHints":{"allow":["GET"]}}],"collection":[{"href":"https:\/\/voicelink.com.br\/en\/wp-json\/wp\/v2\/pages"}],"about":[{"href":"https:\/\/voicelink.com.br\/en\/wp-json\/wp\/v2\/types\/page"}],"author":[{"embeddable":true,"href":"https:\/\/voicelink.com.br\/en\/wp-json\/wp\/v2\/users\/33"}],"replies":[{"embeddable":true,"href":"https:\/\/voicelink.com.br\/en\/wp-json\/wp\/v2\/comments?post=3998"}],"version-history":[{"count":0,"href":"https:\/\/voicelink.com.br\/en\/wp-json\/wp\/v2\/pages\/3998\/revisions"}],"up":[{"embeddable":true,"href":"https:\/\/voicelink.com.br\/en\/wp-json\/wp\/v2\/pages\/3949"}],"wp:attachment":[{"href":"https:\/\/voicelink.com.br\/en\/wp-json\/wp\/v2\/media?parent=3998"}],"curies":[{"name":"wp","href":"https:\/\/api.w.org\/{rel}","templated":true}]}}