{"id":3982,"date":"2021-05-07T15:17:18","date_gmt":"2021-05-07T18:17:18","guid":{"rendered":"https:\/\/www.voicelink.com.br\/?page_id=3982"},"modified":"2022-06-08T08:21:25","modified_gmt":"2022-06-08T11:21:25","slug":"amostras-audio-de-traducao-simultanea","status":"publish","type":"page","link":"https:\/\/voicelink.com.br\/en\/servicos\/multimidia\/amostras-audio-de-traducao-simultanea\/","title":{"rendered":"Simultaneous Interpreting Samples"},"content":{"rendered":"<div data-elementor-type=\"wp-page\" data-elementor-id=\"3982\" class=\"elementor elementor-3982\" data-elementor-post-type=\"page\">\n\t\t\t\t\t\t<section class=\"elementor-section elementor-top-section elementor-element elementor-element-46666ccd elementor-section-boxed elementor-section-height-default elementor-section-height-default\" data-id=\"46666ccd\" data-element_type=\"section\" data-e-type=\"section\" data-settings=\"{&quot;background_background&quot;:&quot;classic&quot;}\">\n\t\t\t\t\t\t<div class=\"elementor-container elementor-column-gap-no\">\n\t\t\t\t\t<div class=\"elementor-column elementor-col-100 elementor-top-column elementor-element elementor-element-1341decb\" data-id=\"1341decb\" data-element_type=\"column\" data-e-type=\"column\">\n\t\t\t<div class=\"elementor-widget-wrap elementor-element-populated\">\n\t\t\t\t\t\t<section class=\"elementor-section elementor-inner-section elementor-element elementor-element-c41baec elementor-section-boxed elementor-section-height-default elementor-section-height-default\" data-id=\"c41baec\" data-element_type=\"section\" data-e-type=\"section\">\n\t\t\t\t\t\t<div class=\"elementor-container elementor-column-gap-wider\">\n\t\t\t\t\t<div class=\"elementor-column elementor-col-50 elementor-inner-column elementor-element elementor-element-fd74711\" data-id=\"fd74711\" data-element_type=\"column\" data-e-type=\"column\">\n\t\t\t<div class=\"elementor-widget-wrap elementor-element-populated\">\n\t\t\t\t\t\t<div class=\"elementor-element elementor-element-4066d80 elementor-widget elementor-widget-text-editor\" data-id=\"4066d80\" data-element_type=\"widget\" data-e-type=\"widget\" data-widget_type=\"text-editor.default\">\n\t\t\t\t\t\t\t\t\t<p><strong>Simultaneous translation sample<\/strong><br \/>Maria Eug\u00eania Farr\u00e9 \u2013 Urbanism \u2013 Portuguese<\/p><p><audio class=\"wp-audio-shortcode\" id=\"audio-3982-1\" preload=\"none\" style=\"width: 100%;\" controls=\"controls\"><source type=\"audio\/mpeg\" src=\"https:\/\/voicelink.com.br\/wp-content\/uploads\/2022\/04\/Amostra-de-interpretacao-simultanea-Maria-Eugenia-Farre-Urbanismo.mp3?_=1\" \/><a href=\"https:\/\/voicelink.com.br\/wp-content\/uploads\/2022\/04\/Amostra-de-interpretacao-simultanea-Maria-Eugenia-Farre-Urbanismo.mp3\">https:\/\/voicelink.com.br\/wp-content\/uploads\/2022\/04\/Amostra-de-interpretacao-simultanea-Maria-Eugenia-Farre-Urbanismo.mp3<\/a><\/audio><\/p><p><strong>Simultaneous translation sample<\/strong><br \/>Maria Eugenia Farre \u2013 Finance \u2013 English<\/p><p><audio class=\"wp-audio-shortcode\" id=\"audio-3982-2\" preload=\"none\" style=\"width: 100%;\" controls=\"controls\"><source type=\"audio\/mpeg\" src=\"https:\/\/voicelink.com.br\/wp-content\/uploads\/2022\/04\/Amostra-de-interpretacao-simultanea-Maria-Eugenia-Farre-Financas.mp3?_=2\" \/><a href=\"https:\/\/voicelink.com.br\/wp-content\/uploads\/2022\/04\/Amostra-de-interpretacao-simultanea-Maria-Eugenia-Farre-Financas.mp3\">https:\/\/voicelink.com.br\/wp-content\/uploads\/2022\/04\/Amostra-de-interpretacao-simultanea-Maria-Eugenia-Farre-Financas.mp3<\/a><\/audio><\/p>\t\t\t\t\t\t\t\t<\/div>\n\t\t\t\t\t<\/div>\n\t\t<\/div>\n\t\t\t\t<div class=\"elementor-column elementor-col-50 elementor-inner-column elementor-element elementor-element-64243bb\" data-id=\"64243bb\" data-element_type=\"column\" data-e-type=\"column\">\n\t\t\t<div class=\"elementor-widget-wrap elementor-element-populated\">\n\t\t\t\t\t\t<div class=\"elementor-element elementor-element-fadc37d elementor-widget elementor-widget-text-editor\" data-id=\"fadc37d\" data-element_type=\"widget\" data-e-type=\"widget\" data-widget_type=\"text-editor.default\">\n\t\t\t\t\t\t\t\t\t<p><strong>Simultaneous translation sample<\/strong><br \/>Andrea Bianchi \u2013 The Future of Technology \u2013 English<\/p><p><audio class=\"wp-audio-shortcode\" id=\"audio-3982-3\" preload=\"none\" style=\"width: 100%;\" controls=\"controls\"><source type=\"audio\/mpeg\" src=\"https:\/\/voicelink.com.br\/wp-content\/uploads\/2022\/04\/Amostra-de-interpretacao-simultanea-Andrea-Bianchi-O-Futuro-da-Tecnologia.mp3?_=3\" \/><a href=\"https:\/\/voicelink.com.br\/wp-content\/uploads\/2022\/04\/Amostra-de-interpretacao-simultanea-Andrea-Bianchi-O-Futuro-da-Tecnologia.mp3\">https:\/\/voicelink.com.br\/wp-content\/uploads\/2022\/04\/Amostra-de-interpretacao-simultanea-Andrea-Bianchi-O-Futuro-da-Tecnologia.mp3<\/a><\/audio><\/p><p><strong>Simultaneous translation sample<br \/><\/strong>Andrea Bianchi \u2013 Finance \u2013 Portuguese<\/p><p><audio class=\"wp-audio-shortcode\" id=\"audio-3982-4\" preload=\"none\" style=\"width: 100%;\" controls=\"controls\"><source type=\"audio\/mpeg\" src=\"https:\/\/voicelink.com.br\/wp-content\/uploads\/2022\/04\/Amostra-de-interpretacao-simultanea-Andrea-Bianchi-Financas-Portuguese.mp3?_=4\" \/><a href=\"https:\/\/voicelink.com.br\/wp-content\/uploads\/2022\/04\/Amostra-de-interpretacao-simultanea-Andrea-Bianchi-Financas-Portuguese.mp3\">https:\/\/voicelink.com.br\/wp-content\/uploads\/2022\/04\/Amostra-de-interpretacao-simultanea-Andrea-Bianchi-Financas-Portuguese.mp3<\/a><\/audio><\/p>\t\t\t\t\t\t\t\t<\/div>\n\t\t\t\t\t<\/div>\n\t\t<\/div>\n\t\t\t\t\t<\/div>\n\t\t<\/section>\n\t\t\t\t\t<\/div>\n\t\t<\/div>\n\t\t\t\t\t<\/div>\n\t\t<\/section>\n\t\t\t\t<\/div>","protected":false},"excerpt":{"rendered":"<p>Amostra de tradu\u00e7\u00e3o simult\u00e2neaMaria Eug\u00eania Farr\u00e9 &#8211; Urbanismo &#8211; Portugu\u00eas Amostra de tradu\u00e7\u00e3o simult\u00e2neaMaria Eugenia Farre &#8211; Finan\u00e7as &#8211; Ingl\u00eas Amostra de tradu\u00e7\u00e3o simult\u00e2neaAndrea Bianchi &#8211; O Futuro da Tecnologia &#8211; Ingl\u00eas Amostra de tradu\u00e7\u00e3o simult\u00e2neaAndrea Bianchi &#8211; Finan\u00e7as &#8211; Portugu\u00eas<\/p>","protected":false},"author":33,"featured_media":0,"parent":3978,"menu_order":2,"comment_status":"closed","ping_status":"closed","template":"","meta":{"site-sidebar-layout":"default","site-content-layout":"default","ast-site-content-layout":"default","site-content-style":"default","site-sidebar-style":"default","ast-global-header-display":"","ast-banner-title-visibility":"","ast-main-header-display":"","ast-hfb-above-header-display":"","ast-hfb-below-header-display":"","ast-hfb-mobile-header-display":"","site-post-title":"","ast-breadcrumbs-content":"","ast-featured-img":"","footer-sml-layout":"","ast-disable-related-posts":"","theme-transparent-header-meta":"default","adv-header-id-meta":"","stick-header-meta":"","header-above-stick-meta":"","header-main-stick-meta":"","header-below-stick-meta":"","astra-migrate-meta-layouts":"default","ast-page-background-enabled":"default","ast-page-background-meta":{"desktop":{"background-color":"","background-image":"","background-repeat":"repeat","background-position":"center center","background-size":"auto","background-attachment":"scroll","background-type":"","background-media":"","overlay-type":"","overlay-color":"","overlay-opacity":"","overlay-gradient":""},"tablet":{"background-color":"","background-image":"","background-repeat":"repeat","background-position":"center center","background-size":"auto","background-attachment":"scroll","background-type":"","background-media":"","overlay-type":"","overlay-color":"","overlay-opacity":"","overlay-gradient":""},"mobile":{"background-color":"","background-image":"","background-repeat":"repeat","background-position":"center center","background-size":"auto","background-attachment":"scroll","background-type":"","background-media":"","overlay-type":"","overlay-color":"","overlay-opacity":"","overlay-gradient":""}},"ast-content-background-meta":{"desktop":{"background-color":"var(--ast-global-color-5)","background-image":"","background-repeat":"repeat","background-position":"center center","background-size":"auto","background-attachment":"scroll","background-type":"","background-media":"","overlay-type":"","overlay-color":"","overlay-opacity":"","overlay-gradient":""},"tablet":{"background-color":"var(--ast-global-color-5)","background-image":"","background-repeat":"repeat","background-position":"center center","background-size":"auto","background-attachment":"scroll","background-type":"","background-media":"","overlay-type":"","overlay-color":"","overlay-opacity":"","overlay-gradient":""},"mobile":{"background-color":"var(--ast-global-color-5)","background-image":"","background-repeat":"repeat","background-position":"center center","background-size":"auto","background-attachment":"scroll","background-type":"","background-media":"","overlay-type":"","overlay-color":"","overlay-opacity":"","overlay-gradient":""}},"footnotes":""},"class_list":["post-3982","page","type-page","status-publish","hentry"],"_links":{"self":[{"href":"https:\/\/voicelink.com.br\/en\/wp-json\/wp\/v2\/pages\/3982","targetHints":{"allow":["GET"]}}],"collection":[{"href":"https:\/\/voicelink.com.br\/en\/wp-json\/wp\/v2\/pages"}],"about":[{"href":"https:\/\/voicelink.com.br\/en\/wp-json\/wp\/v2\/types\/page"}],"author":[{"embeddable":true,"href":"https:\/\/voicelink.com.br\/en\/wp-json\/wp\/v2\/users\/33"}],"replies":[{"embeddable":true,"href":"https:\/\/voicelink.com.br\/en\/wp-json\/wp\/v2\/comments?post=3982"}],"version-history":[{"count":16,"href":"https:\/\/voicelink.com.br\/en\/wp-json\/wp\/v2\/pages\/3982\/revisions"}],"predecessor-version":[{"id":7686,"href":"https:\/\/voicelink.com.br\/en\/wp-json\/wp\/v2\/pages\/3982\/revisions\/7686"}],"up":[{"embeddable":true,"href":"https:\/\/voicelink.com.br\/en\/wp-json\/wp\/v2\/pages\/3978"}],"wp:attachment":[{"href":"https:\/\/voicelink.com.br\/en\/wp-json\/wp\/v2\/media?parent=3982"}],"curies":[{"name":"wp","href":"https:\/\/api.w.org\/{rel}","templated":true}]}}