{"id":3976,"date":"2021-05-07T15:15:37","date_gmt":"2021-05-07T18:15:37","guid":{"rendered":"https:\/\/www.voicelink.com.br\/?page_id=3976"},"modified":"2022-03-29T17:44:19","modified_gmt":"2022-03-29T20:44:19","slug":"cabine-de-traducao-simultanea-e-biombo","status":"publish","type":"page","link":"https:\/\/voicelink.com.br\/en\/servicos\/equipamentos-de-traducao-simultanea\/cabine-de-traducao-simultanea-e-biombo\/","title":{"rendered":"Cabine e biombo de tradu\u00e7\u00e3o simult\u00e2nea"},"content":{"rendered":"<div data-elementor-type=\"wp-page\" data-elementor-id=\"3976\" class=\"elementor elementor-3976\" data-elementor-post-type=\"page\">\n\t\t\t\t\t\t<section class=\"elementor-section elementor-top-section elementor-element elementor-element-8427397 elementor-section-boxed elementor-section-height-default elementor-section-height-default\" data-id=\"8427397\" data-element_type=\"section\" data-e-type=\"section\" data-settings=\"{&quot;background_background&quot;:&quot;classic&quot;}\">\n\t\t\t\t\t\t<div class=\"elementor-container elementor-column-gap-wider\">\n\t\t\t\t\t<div class=\"elementor-column elementor-col-100 elementor-top-column elementor-element elementor-element-7441eb3\" data-id=\"7441eb3\" data-element_type=\"column\" data-e-type=\"column\">\n\t\t\t<div class=\"elementor-widget-wrap elementor-element-populated\">\n\t\t\t\t\t\t<section class=\"elementor-section elementor-inner-section elementor-element elementor-element-69db19b elementor-section-boxed elementor-section-height-default elementor-section-height-default\" data-id=\"69db19b\" data-element_type=\"section\" data-e-type=\"section\">\n\t\t\t\t\t\t<div class=\"elementor-container elementor-column-gap-wider\">\n\t\t\t\t\t<div class=\"elementor-column elementor-col-50 elementor-inner-column elementor-element elementor-element-e149866\" data-id=\"e149866\" data-element_type=\"column\" data-e-type=\"column\">\n\t\t\t<div class=\"elementor-widget-wrap elementor-element-populated\">\n\t\t\t\t\t\t<div class=\"elementor-element elementor-element-60f921d6 elementor-widget elementor-widget-image\" data-id=\"60f921d6\" data-element_type=\"widget\" data-e-type=\"widget\" data-widget_type=\"image.default\">\n\t\t\t\t\t\t\t\t\t\t\t\t\t\t\t<img fetchpriority=\"high\" decoding=\"async\" width=\"768\" height=\"547\" src=\"https:\/\/voicelink.com.br\/wp-content\/uploads\/2022\/03\/Cabine-traducao-vista-Rio-768x547.jpeg\" class=\"attachment-medium_large size-medium_large wp-image-6739\" alt=\"\" srcset=\"https:\/\/voicelink.com.br\/wp-content\/uploads\/2022\/03\/Cabine-traducao-vista-Rio-768x547.jpeg 768w, https:\/\/voicelink.com.br\/wp-content\/uploads\/2022\/03\/Cabine-traducao-vista-Rio-300x214.jpeg 300w, https:\/\/voicelink.com.br\/wp-content\/uploads\/2022\/03\/Cabine-traducao-vista-Rio-1024x730.jpeg 1024w, https:\/\/voicelink.com.br\/wp-content\/uploads\/2022\/03\/Cabine-traducao-vista-Rio-1536x1094.jpeg 1536w, https:\/\/voicelink.com.br\/wp-content\/uploads\/2022\/03\/Cabine-traducao-vista-Rio.jpeg 1600w\" sizes=\"(max-width: 768px) 100vw, 768px\" title=\"\">\t\t\t\t\t\t\t\t\t\t\t\t\t\t\t<\/div>\n\t\t\t\t\t<\/div>\n\t\t<\/div>\n\t\t\t\t<div class=\"elementor-column elementor-col-50 elementor-inner-column elementor-element elementor-element-5dedfe9\" data-id=\"5dedfe9\" data-element_type=\"column\" data-e-type=\"column\">\n\t\t\t<div class=\"elementor-widget-wrap elementor-element-populated\">\n\t\t\t\t\t\t<div class=\"elementor-element elementor-element-2691776f elementor-widget elementor-widget-heading\" data-id=\"2691776f\" data-element_type=\"widget\" data-e-type=\"widget\" data-widget_type=\"heading.default\">\n\t\t\t\t\t<h1 class=\"elementor-heading-title elementor-size-default\">Translation Booth and Interpreting Console<\/h1>\t\t\t\t<\/div>\n\t\t\t\t<div class=\"elementor-element elementor-element-3bf073fc elementor-widget elementor-widget-text-editor\" data-id=\"3bf073fc\" data-element_type=\"widget\" data-e-type=\"widget\" data-widget_type=\"text-editor.default\">\n\t\t\t\t\t\t\t\t\t<p>The interpreters and equipment stay inside the <strong>simultaneous translation booth<\/strong> soundproofed and translate for the audience. The interpreters' audio is captured, transmitted through cables and antennas and sent out through the audience's receivers, distributed at the beginning of the event. In short, the performer is perfectly heard but not seen.<\/p><p>In the simultaneous translation booth, the interpreter has a workbench where he can set up his laptop with glossaries and Powerpoint presentations, controls to increase or decrease the volume of the speaker's voice, cough button, directed lighting to read speeches, and other resources that increase your ability to concentrate and make work easier.<\/p>\t\t\t\t\t\t\t\t<\/div>\n\t\t\t\t\t<\/div>\n\t\t<\/div>\n\t\t\t\t\t<\/div>\n\t\t<\/section>\n\t\t\t\t<section class=\"elementor-section elementor-inner-section elementor-element elementor-element-12c6bedf elementor-section-boxed elementor-section-height-default elementor-section-height-default\" data-id=\"12c6bedf\" data-element_type=\"section\" data-e-type=\"section\">\n\t\t\t\t\t\t<div class=\"elementor-container elementor-column-gap-default\">\n\t\t\t\t\t<div class=\"elementor-column elementor-col-100 elementor-inner-column elementor-element elementor-element-6e86d0e0\" data-id=\"6e86d0e0\" data-element_type=\"column\" data-e-type=\"column\">\n\t\t\t<div class=\"elementor-widget-wrap elementor-element-populated\">\n\t\t\t\t\t\t<div class=\"elementor-element elementor-element-326fbb3c elementor-widget elementor-widget-text-editor\" data-id=\"326fbb3c\" data-element_type=\"widget\" data-e-type=\"widget\" data-widget_type=\"text-editor.default\">\n\t\t\t\t\t\t\t\t\t<p>The simultaneous translation booth is the best format for face-to-face events, both from the point of view of<br \/>view of the performers as well as the audience.<\/p>\t\t\t\t\t\t\t\t<\/div>\n\t\t\t\t\t<\/div>\n\t\t<\/div>\n\t\t\t\t\t<\/div>\n\t\t<\/section>\n\t\t\t\t\t<\/div>\n\t\t<\/div>\n\t\t\t\t\t<\/div>\n\t\t<\/section>\n\t\t\t\t<section class=\"elementor-section elementor-top-section elementor-element elementor-element-3cea010 elementor-section-full_width elementor-section-height-default elementor-section-height-default\" data-id=\"3cea010\" data-element_type=\"section\" data-e-type=\"section\" data-settings=\"{&quot;background_background&quot;:&quot;classic&quot;}\">\n\t\t\t\t\t\t<div class=\"elementor-container elementor-column-gap-wider\">\n\t\t\t\t\t<div class=\"elementor-column elementor-col-100 elementor-top-column elementor-element elementor-element-34ae68db\" data-id=\"34ae68db\" data-element_type=\"column\" data-e-type=\"column\">\n\t\t\t<div class=\"elementor-widget-wrap elementor-element-populated\">\n\t\t\t\t\t\t<section class=\"elementor-section elementor-inner-section elementor-element elementor-element-303a1e73 elementor-section-boxed elementor-section-height-default elementor-section-height-default\" data-id=\"303a1e73\" data-element_type=\"section\" data-e-type=\"section\">\n\t\t\t\t\t\t<div class=\"elementor-container elementor-column-gap-wider\">\n\t\t\t\t\t<div class=\"elementor-column elementor-col-50 elementor-inner-column elementor-element elementor-element-54bc499e\" data-id=\"54bc499e\" data-element_type=\"column\" data-e-type=\"column\">\n\t\t\t<div class=\"elementor-widget-wrap elementor-element-populated\">\n\t\t\t\t\t\t<div class=\"elementor-element elementor-element-5fdc4a99 elementor-widget elementor-widget-text-editor\" data-id=\"5fdc4a99\" data-element_type=\"widget\" data-e-type=\"widget\" data-widget_type=\"text-editor.default\">\n\t\t\t\t\t\t\t\t\t<p>The translation booth is usually positioned at the back of the room, or in another place that provides a good view of the stage for the interpreters. More sophisticated theaters and auditoriums may include a fixed booth in their architectural design, usually in the technical area or mezzanine, away from the audience.<\/p><p>This is the solution of choice for events held in medium to large rooms. The general rule is that any room with a free space of approximately 3m x 3m can accommodate a translation booth, with excellent results.<\/p><p>Several simultaneous translation booths can be set up in the same room, depending on the number of languages \u200b\u200bin the conference.<\/p>\t\t\t\t\t\t\t\t<\/div>\n\t\t\t\t\t<\/div>\n\t\t<\/div>\n\t\t\t\t<div class=\"elementor-column elementor-col-50 elementor-inner-column elementor-element elementor-element-7a23f9b5\" data-id=\"7a23f9b5\" data-element_type=\"column\" data-e-type=\"column\">\n\t\t\t<div class=\"elementor-widget-wrap elementor-element-populated\">\n\t\t\t\t\t\t<div class=\"elementor-element elementor-element-7ce56e6a elementor-widget elementor-widget-image\" data-id=\"7ce56e6a\" data-element_type=\"widget\" data-e-type=\"widget\" data-widget_type=\"image.default\">\n\t\t\t\t\t\t\t\t\t\t\t\t\t\t\t<img decoding=\"async\" width=\"768\" height=\"781\" src=\"https:\/\/voicelink.com.br\/wp-content\/uploads\/2022\/03\/Cabines-evento-multilingue-768x781.jpg\" class=\"attachment-medium_large size-medium_large wp-image-6727\" alt=\"\" srcset=\"https:\/\/voicelink.com.br\/wp-content\/uploads\/2022\/03\/Cabines-evento-multilingue-768x781.jpg 768w, https:\/\/voicelink.com.br\/wp-content\/uploads\/2022\/03\/Cabines-evento-multilingue-295x300.jpg 295w, https:\/\/voicelink.com.br\/wp-content\/uploads\/2022\/03\/Cabines-evento-multilingue-1007x1024.jpg 1007w, https:\/\/voicelink.com.br\/wp-content\/uploads\/2022\/03\/Cabines-evento-multilingue-1510x1536.jpg 1510w, https:\/\/voicelink.com.br\/wp-content\/uploads\/2022\/03\/Cabines-evento-multilingue-2013x2048.jpg 2013w, https:\/\/voicelink.com.br\/wp-content\/uploads\/2022\/03\/Cabines-evento-multilingue.jpg 1573w\" sizes=\"(max-width: 768px) 100vw, 768px\" title=\"\">\t\t\t\t\t\t\t\t\t\t\t\t\t\t\t<\/div>\n\t\t\t\t\t<\/div>\n\t\t<\/div>\n\t\t\t\t\t<\/div>\n\t\t<\/section>\n\t\t\t\t<section class=\"elementor-section elementor-inner-section elementor-element elementor-element-31cae642 elementor-section-boxed elementor-section-height-default elementor-section-height-default\" data-id=\"31cae642\" data-element_type=\"section\" data-e-type=\"section\">\n\t\t\t\t\t\t<div class=\"elementor-container elementor-column-gap-wider\">\n\t\t\t\t\t<div class=\"elementor-column elementor-col-100 elementor-inner-column elementor-element elementor-element-4ba7eef5\" data-id=\"4ba7eef5\" data-element_type=\"column\" data-e-type=\"column\">\n\t\t\t<div class=\"elementor-widget-wrap elementor-element-populated\">\n\t\t\t\t\t\t<div class=\"elementor-element elementor-element-4417a85e elementor-widget elementor-widget-text-editor\" data-id=\"4417a85e\" data-element_type=\"widget\" data-e-type=\"widget\" data-widget_type=\"text-editor.default\">\n\t\t\t\t\t\t\t\t\t<p>Another possible format, for smaller environments that do not support a simultaneous translation booth, is the folding screen. Although there is not perfect isolation, the voice of the interpreters is contained within the metal and glass screen and, therefore, does not disturb the participants.<\/p>\t\t\t\t\t\t\t\t<\/div>\n\t\t\t\t\t<\/div>\n\t\t<\/div>\n\t\t\t\t\t<\/div>\n\t\t<\/section>\n\t\t\t\t<section class=\"elementor-section elementor-inner-section elementor-element elementor-element-401ee59 elementor-section-boxed elementor-section-height-default elementor-section-height-default\" data-id=\"401ee59\" data-element_type=\"section\" data-e-type=\"section\">\n\t\t\t\t\t\t<div class=\"elementor-container elementor-column-gap-wider\">\n\t\t\t\t\t<div class=\"elementor-column elementor-col-50 elementor-inner-column elementor-element elementor-element-1ff77fa\" data-id=\"1ff77fa\" data-element_type=\"column\" data-e-type=\"column\">\n\t\t\t<div class=\"elementor-widget-wrap elementor-element-populated\">\n\t\t\t\t\t\t<div class=\"elementor-element elementor-element-150b38f elementor-widget elementor-widget-image\" data-id=\"150b38f\" data-element_type=\"widget\" data-e-type=\"widget\" data-widget_type=\"image.default\">\n\t\t\t\t\t\t\t\t\t\t\t\t\t\t\t<img decoding=\"async\" width=\"250\" height=\"159\" src=\"https:\/\/voicelink.com.br\/wp-content\/uploads\/2022\/03\/Biombo-de-traducao-simultanea.jpg\" class=\"attachment-large size-large wp-image-6729\" alt=\"\" title=\"\">\t\t\t\t\t\t\t\t\t\t\t\t\t\t\t<\/div>\n\t\t\t\t<div class=\"elementor-element elementor-element-a127dcb elementor-widget elementor-widget-text-editor\" data-id=\"a127dcb\" data-element_type=\"widget\" data-e-type=\"widget\" data-widget_type=\"text-editor.default\">\n\t\t\t\t\t\t\t\t\t<p>This solution is often used in courses, training sessions and other meetings held in smaller rooms at companies or hotels, providing excellent results.<\/p>\t\t\t\t\t\t\t\t<\/div>\n\t\t\t\t\t<\/div>\n\t\t<\/div>\n\t\t\t\t<div class=\"elementor-column elementor-col-50 elementor-inner-column elementor-element elementor-element-249d4fb\" data-id=\"249d4fb\" data-element_type=\"column\" data-e-type=\"column\">\n\t\t\t<div class=\"elementor-widget-wrap elementor-element-populated\">\n\t\t\t\t\t\t<div class=\"elementor-element elementor-element-8d96be0 elementor-widget elementor-widget-heading\" data-id=\"8d96be0\" data-element_type=\"widget\" data-e-type=\"widget\" data-widget_type=\"heading.default\">\n\t\t\t\t\t<h1 class=\"elementor-heading-title elementor-size-default\">Simultaneous translation with screen<\/h1>\t\t\t\t<\/div>\n\t\t\t\t<div class=\"elementor-element elementor-element-4511698 elementor-widget elementor-widget-text-editor\" data-id=\"4511698\" data-element_type=\"widget\" data-e-type=\"widget\" data-widget_type=\"text-editor.default\">\n\t\t\t\t\t\t\t\t\t<p>When room space is limited, the solution is to replace the complete cabin with the folding screen. In this configuration, interpreters work behind a metal and glass frame measuring 1.50 m by 0.80 m, which is supported by a table provided by the organizers\/venue of the event. The structure does not have the same soundproofing as the booth, but it helps prevent the interpreters' voices from leaking into the room.<\/p><p>From the listeners' point of view, there is little difference compared to full booth simultaneous translation.<\/p>\t\t\t\t\t\t\t\t<\/div>\n\t\t\t\t\t<\/div>\n\t\t<\/div>\n\t\t\t\t\t<\/div>\n\t\t<\/section>\n\t\t\t\t<div class=\"elementor-element elementor-element-8c1db27 elementor-align-center elementor-widget elementor-widget-button\" data-id=\"8c1db27\" data-element_type=\"widget\" data-e-type=\"widget\" data-widget_type=\"button.default\">\n\t\t\t\t\t\t\t\t\t\t<a class=\"elementor-button elementor-button-link elementor-size-md\" href=\"https:\/\/voicelink.com.br\/en\/orcamento\/\">\n\t\t\t\t\t\t<span class=\"elementor-button-content-wrapper\">\n\t\t\t\t\t\t\t\t\t<span class=\"elementor-button-text\">Request a quote for the rental of simultaneous translation equipment and interpreters<\/span>\n\t\t\t\t\t<\/span>\n\t\t\t\t\t<\/a>\n\t\t\t\t\t\t\t\t<\/div>\n\t\t\t\t<div class=\"elementor-element elementor-element-8fc66ee elementor-widget elementor-widget-spacer\" data-id=\"8fc66ee\" data-element_type=\"widget\" data-e-type=\"widget\" data-widget_type=\"spacer.default\">\n\t\t\t\t\t\t\t<div class=\"elementor-spacer\">\n\t\t\t<div class=\"elementor-spacer-inner\"><\/div>\n\t\t<\/div>\n\t\t\t\t\t\t<\/div>\n\t\t\t\t\t<\/div>\n\t\t<\/div>\n\t\t\t\t\t<\/div>\n\t\t<\/section>\n\t\t\t\t<\/div>","protected":false},"excerpt":{"rendered":"<p>Cabine de tradu\u00e7\u00e3o simult\u00e2nea Os int\u00e9rpretes e equipamentos ficam dentro da cabine de tradu\u00e7\u00e3o simult\u00e2nea com isolamento ac\u00fastico e traduzem para a plateia. O \u00e1udio dos int\u00e9rpretes \u00e9 captado, transmitido por cabos e antenas e e sai pelos receptores da plateia, distribu\u00eddos no in\u00edcio do evento. Em resumo, o int\u00e9rprete \u00e9 ouvido com perfei\u00e7\u00e3o, por\u00e9m [&hellip;]<\/p>\n","protected":false},"author":33,"featured_media":0,"parent":3974,"menu_order":1,"comment_status":"closed","ping_status":"closed","template":"","meta":{"site-sidebar-layout":"no-sidebar","site-content-layout":"page-builder","ast-site-content-layout":"default","site-content-style":"default","site-sidebar-style":"default","ast-global-header-display":"","ast-banner-title-visibility":"","ast-main-header-display":"","ast-hfb-above-header-display":"","ast-hfb-below-header-display":"","ast-hfb-mobile-header-display":"","site-post-title":"disabled","ast-breadcrumbs-content":"","ast-featured-img":"disabled","footer-sml-layout":"","ast-disable-related-posts":"","theme-transparent-header-meta":"default","adv-header-id-meta":"","stick-header-meta":"","header-above-stick-meta":"","header-main-stick-meta":"","header-below-stick-meta":"","astra-migrate-meta-layouts":"default","ast-page-background-enabled":"default","ast-page-background-meta":{"desktop":{"background-color":"","background-image":"","background-repeat":"repeat","background-position":"center center","background-size":"auto","background-attachment":"scroll","background-type":"","background-media":"","overlay-type":"","overlay-color":"","overlay-opacity":"","overlay-gradient":""},"tablet":{"background-color":"","background-image":"","background-repeat":"repeat","background-position":"center center","background-size":"auto","background-attachment":"scroll","background-type":"","background-media":"","overlay-type":"","overlay-color":"","overlay-opacity":"","overlay-gradient":""},"mobile":{"background-color":"","background-image":"","background-repeat":"repeat","background-position":"center center","background-size":"auto","background-attachment":"scroll","background-type":"","background-media":"","overlay-type":"","overlay-color":"","overlay-opacity":"","overlay-gradient":""}},"ast-content-background-meta":{"desktop":{"background-color":"var(--ast-global-color-5)","background-image":"","background-repeat":"repeat","background-position":"center center","background-size":"auto","background-attachment":"scroll","background-type":"","background-media":"","overlay-type":"","overlay-color":"","overlay-opacity":"","overlay-gradient":""},"tablet":{"background-color":"var(--ast-global-color-5)","background-image":"","background-repeat":"repeat","background-position":"center center","background-size":"auto","background-attachment":"scroll","background-type":"","background-media":"","overlay-type":"","overlay-color":"","overlay-opacity":"","overlay-gradient":""},"mobile":{"background-color":"var(--ast-global-color-5)","background-image":"","background-repeat":"repeat","background-position":"center center","background-size":"auto","background-attachment":"scroll","background-type":"","background-media":"","overlay-type":"","overlay-color":"","overlay-opacity":"","overlay-gradient":""}},"footnotes":""},"class_list":["post-3976","page","type-page","status-publish","hentry"],"_links":{"self":[{"href":"https:\/\/voicelink.com.br\/en\/wp-json\/wp\/v2\/pages\/3976","targetHints":{"allow":["GET"]}}],"collection":[{"href":"https:\/\/voicelink.com.br\/en\/wp-json\/wp\/v2\/pages"}],"about":[{"href":"https:\/\/voicelink.com.br\/en\/wp-json\/wp\/v2\/types\/page"}],"author":[{"embeddable":true,"href":"https:\/\/voicelink.com.br\/en\/wp-json\/wp\/v2\/users\/33"}],"replies":[{"embeddable":true,"href":"https:\/\/voicelink.com.br\/en\/wp-json\/wp\/v2\/comments?post=3976"}],"version-history":[{"count":0,"href":"https:\/\/voicelink.com.br\/en\/wp-json\/wp\/v2\/pages\/3976\/revisions"}],"up":[{"embeddable":true,"href":"https:\/\/voicelink.com.br\/en\/wp-json\/wp\/v2\/pages\/3974"}],"wp:attachment":[{"href":"https:\/\/voicelink.com.br\/en\/wp-json\/wp\/v2\/media?parent=3976"}],"curies":[{"name":"wp","href":"https:\/\/api.w.org\/{rel}","templated":true}]}}